{"id":10,"date":"2020-05-11T14:58:04","date_gmt":"2020-05-11T14:58:04","guid":{"rendered":"https:\/\/kuechenstudio-haeuptle.de\/?page_id=10"},"modified":"2020-05-11T16:53:31","modified_gmt":"2020-05-11T16:53:31","slug":"startseite","status":"publish","type":"page","link":"https:\/\/kuechenstudio-haeuptle.de\/","title":{"rendered":"Herzlich Willkommen"},"content":{"rendered":"\n<p class=\"has-drop-cap\">Seit 1987 sind wir Ihr Ansprechpartner im Raum Erbach und Ulm, wenn es um die Wahl Ihrer Traumk\u00fcche geht. Bei uns erhalten Sie nicht nur qualitativ hochwertige und moderne K\u00fcchen und Ger\u00e4te, sondern auch alle Serviceleistungen aus einer Hand. In unserem Familienunternehmen sind wir pers\u00f6nlich f\u00fcr Sie da.<\/p>\n\n\n\n<p>Inspirationen f\u00fcr Ihre neue K\u00fcche k\u00f6nnen Sie in unseren Ausstellungsr\u00e4umen im Erbacher Teilort Dellmensingen sammeln. Hier pr\u00e4sentieren wir Ihnen die neuesten Innovationen in verschiedenen Ausf\u00fchrungen. Bei einer unverbindlichen Erstberatung werden anschlie\u00dfend die Details gekl\u00e4rt. Dank professioneller und realit\u00e4tsgetreuer 3D-Planungen erhalten Sie ein lebendiges Bild Ihrer ma\u00dfgeschneiderten K\u00fcche. Wenn es um den Einbau geht, k\u00f6nnen Sie sich auf unsere ausgebildeten Schreiner verlassen, die Ihre K\u00fcche fachgerecht montieren. Nat\u00fcrlich erhalten Sie im Anschluss auch eine Einweisung in Ihre neue K\u00fcche.<\/p>\n\n\n\n<p>Die Kochkurse in unserer modernen und mit den neuesten Ger\u00e4ten ausgestatteten Funktionsk\u00fcche runden unser Angebot ab. So k\u00f6nnen Sie hier gemeinsam mit unseren Profi-K\u00f6chen neue Ger\u00e4te ausprobieren und das Gekochte in geselliger Runde anschlie\u00dfend genie\u00dfen.<\/p>\n\n\n\n<div class=\"wp-block-buttons aligncenter is-layout-flex wp-block-buttons-is-layout-flex\">\n<div class=\"wp-block-button\"><a class=\"wp-block-button__link has-background\" href=\"https:\/\/kuechenstudio-haeuptle.de\/?page_id=12\" style=\"background-color:#82be4c\" target=\"_blank\" rel=\"noreferrer noopener\">Kontakt aufnehmen<\/a><\/div>\n<\/div>\n","protected":false},"excerpt":{"rendered":"<p>Seit 1987 sind wir Ihr Ansprechpartner im Raum Erbach und Ulm, wenn es um die Wahl Ihrer Traumk\u00fcche geht. Bei uns erhalten Sie nicht nur qualitativ hochwertige und moderne K\u00fcchen und Ger\u00e4te, sondern auch alle Serviceleistungen aus einer Hand. In unserem Familienunternehmen sind wir pers\u00f6nlich f\u00fcr Sie da. Inspirationen f\u00fcr Ihre neue K\u00fcche k\u00f6nnen Sie &hellip; <\/p>\n<p class=\"link-more\"><a href=\"https:\/\/kuechenstudio-haeuptle.de\/\" class=\"more-link\"><span class=\"screen-reader-text\">\u201eHerzlich Willkommen\u201c<\/span> weiterlesen<\/a><\/p>\n","protected":false},"author":1,"featured_media":0,"parent":0,"menu_order":0,"comment_status":"closed","ping_status":"closed","template":"","meta":{"footnotes":""},"class_list":["post-10","page","type-page","status-publish","hentry"],"_links":{"self":[{"href":"https:\/\/kuechenstudio-haeuptle.de\/index.php?rest_route=\/wp\/v2\/pages\/10","targetHints":{"allow":["GET"]}}],"collection":[{"href":"https:\/\/kuechenstudio-haeuptle.de\/index.php?rest_route=\/wp\/v2\/pages"}],"about":[{"href":"https:\/\/kuechenstudio-haeuptle.de\/index.php?rest_route=\/wp\/v2\/types\/page"}],"author":[{"embeddable":true,"href":"https:\/\/kuechenstudio-haeuptle.de\/index.php?rest_route=\/wp\/v2\/users\/1"}],"replies":[{"embeddable":true,"href":"https:\/\/kuechenstudio-haeuptle.de\/index.php?rest_route=%2Fwp%2Fv2%2Fcomments&post=10"}],"version-history":[{"count":6,"href":"https:\/\/kuechenstudio-haeuptle.de\/index.php?rest_route=\/wp\/v2\/pages\/10\/revisions"}],"predecessor-version":[{"id":145,"href":"https:\/\/kuechenstudio-haeuptle.de\/index.php?rest_route=\/wp\/v2\/pages\/10\/revisions\/145"}],"wp:attachment":[{"href":"https:\/\/kuechenstudio-haeuptle.de\/index.php?rest_route=%2Fwp%2Fv2%2Fmedia&parent=10"}],"curies":[{"name":"wp","href":"https:\/\/api.w.org\/{rel}","templated":true}]}}