{"id":156,"date":"2020-05-11T17:30:46","date_gmt":"2020-05-11T17:30:46","guid":{"rendered":"https:\/\/kuechenstudio-haeuptle.de\/?page_id=156"},"modified":"2020-05-13T16:34:58","modified_gmt":"2020-05-13T16:34:58","slug":"ausstellungskueche-sachsen","status":"publish","type":"page","link":"https:\/\/kuechenstudio-haeuptle.de\/?page_id=156","title":{"rendered":"Ausstellungsk\u00fcche Samira"},"content":{"rendered":"\n<div class=\"wp-block-group\"><div class=\"wp-block-group__inner-container is-layout-flow wp-block-group-is-layout-flow\">\n<div class=\"wp-block-columns is-layout-flex wp-container-core-columns-is-layout-9d6595d7 wp-block-columns-is-layout-flex\">\n<div class=\"wp-block-column is-layout-flow wp-block-column-is-layout-flow\" style=\"flex-basis:33.33%\">\n<p><strong>Ausstellungsk\u00fcche<\/strong><\/p>\n\n\n\n<p><\/p>\n\n\n\n<h2 class=\"has-text-color wp-block-heading\" style=\"color:#82be4c\">Sachsen K\u00fcchen Samira<\/h2>\n\n\n\n<p>F\u00fcr Sie in unserer Ausstellung zu sehen.<\/p>\n\n\n\n<hr class=\"wp-block-separator\"\/>\n\n\n\n<p>Die hellgraue K\u00fcche in matter Optik verleiht Ihrem Wohnraum das gewisse Etwas. Die Elemente in Steinesche sorgen zudem f\u00fcr wohnliche Gem\u00fctlichkeit.<\/p>\n\n\n\n<div class=\"wp-block-buttons is-layout-flex wp-block-buttons-is-layout-flex\"><\/div>\n\n\n\n<p><\/p>\n<\/div>\n\n\n\n<div class=\"wp-block-column is-layout-flow wp-block-column-is-layout-flow\" style=\"flex-basis:66.66%\">\n<figure class=\"wp-block-image size-large\"><a href=\"https:\/\/kuechenstudio-haeuptle.de\/wp-content\/uploads\/2020\/05\/Ausstellung_Hochformat-scaled.jpg\"><img loading=\"lazy\" decoding=\"async\" width=\"690\" height=\"1024\" src=\"https:\/\/kuechenstudio-haeuptle.de\/wp-content\/uploads\/2020\/05\/Ausstellung_Hochformat-690x1024.jpg\" alt=\"\" class=\"wp-image-177\" srcset=\"https:\/\/kuechenstudio-haeuptle.de\/wp-content\/uploads\/2020\/05\/Ausstellung_Hochformat-690x1024.jpg 690w, https:\/\/kuechenstudio-haeuptle.de\/wp-content\/uploads\/2020\/05\/Ausstellung_Hochformat-202x300.jpg 202w, https:\/\/kuechenstudio-haeuptle.de\/wp-content\/uploads\/2020\/05\/Ausstellung_Hochformat-768x1140.jpg 768w, https:\/\/kuechenstudio-haeuptle.de\/wp-content\/uploads\/2020\/05\/Ausstellung_Hochformat-1034x1536.jpg 1034w, https:\/\/kuechenstudio-haeuptle.de\/wp-content\/uploads\/2020\/05\/Ausstellung_Hochformat-1379x2048.jpg 1379w, https:\/\/kuechenstudio-haeuptle.de\/wp-content\/uploads\/2020\/05\/Ausstellung_Hochformat-scaled.jpg 1724w\" sizes=\"auto, (max-width: 690px) 100vw, 690px\" \/><\/a><\/figure>\n<\/div>\n<\/div>\n<\/div><\/div>\n\n\n\n<div class=\"wp-block-group\"><div class=\"wp-block-group__inner-container is-layout-flow wp-block-group-is-layout-flow\">\n<figure class=\"wp-block-gallery columns-2 is-cropped wp-block-gallery-1 is-layout-flex wp-block-gallery-is-layout-flex\"><ul class=\"blocks-gallery-grid\"><li class=\"blocks-gallery-item\"><figure><a href=\"https:\/\/kuechenstudio-haeuptle.de\/wp-content\/uploads\/2020\/05\/Ausstellung7-scaled.jpg\"><img loading=\"lazy\" decoding=\"async\" width=\"2560\" height=\"1704\" src=\"https:\/\/kuechenstudio-haeuptle.de\/wp-content\/uploads\/2020\/05\/Ausstellung7-scaled.jpg\" alt=\"\" data-id=\"162\" data-full-url=\"https:\/\/kuechenstudio-haeuptle.de\/wp-content\/uploads\/2020\/05\/Ausstellung7-scaled.jpg\" data-link=\"https:\/\/kuechenstudio-haeuptle.de\/?attachment_id=162\" class=\"wp-image-162\" srcset=\"https:\/\/kuechenstudio-haeuptle.de\/wp-content\/uploads\/2020\/05\/Ausstellung7-scaled.jpg 2560w, https:\/\/kuechenstudio-haeuptle.de\/wp-content\/uploads\/2020\/05\/Ausstellung7-300x200.jpg 300w, https:\/\/kuechenstudio-haeuptle.de\/wp-content\/uploads\/2020\/05\/Ausstellung7-1024x682.jpg 1024w, https:\/\/kuechenstudio-haeuptle.de\/wp-content\/uploads\/2020\/05\/Ausstellung7-768x511.jpg 768w, https:\/\/kuechenstudio-haeuptle.de\/wp-content\/uploads\/2020\/05\/Ausstellung7-1536x1022.jpg 1536w, https:\/\/kuechenstudio-haeuptle.de\/wp-content\/uploads\/2020\/05\/Ausstellung7-2048x1363.jpg 2048w\" sizes=\"auto, (max-width: 706px) 89vw, (max-width: 767px) 82vw, 740px\" \/><\/a><\/figure><\/li><li class=\"blocks-gallery-item\"><figure><a href=\"https:\/\/kuechenstudio-haeuptle.de\/wp-content\/uploads\/2020\/05\/Ausstellung6-scaled.jpg\"><img loading=\"lazy\" decoding=\"async\" width=\"2560\" height=\"1704\" src=\"https:\/\/kuechenstudio-haeuptle.de\/wp-content\/uploads\/2020\/05\/Ausstellung6-scaled.jpg\" alt=\"\" data-id=\"161\" data-full-url=\"https:\/\/kuechenstudio-haeuptle.de\/wp-content\/uploads\/2020\/05\/Ausstellung6-scaled.jpg\" data-link=\"https:\/\/kuechenstudio-haeuptle.de\/?attachment_id=161\" class=\"wp-image-161\" srcset=\"https:\/\/kuechenstudio-haeuptle.de\/wp-content\/uploads\/2020\/05\/Ausstellung6-scaled.jpg 2560w, https:\/\/kuechenstudio-haeuptle.de\/wp-content\/uploads\/2020\/05\/Ausstellung6-300x200.jpg 300w, https:\/\/kuechenstudio-haeuptle.de\/wp-content\/uploads\/2020\/05\/Ausstellung6-1024x682.jpg 1024w, https:\/\/kuechenstudio-haeuptle.de\/wp-content\/uploads\/2020\/05\/Ausstellung6-768x511.jpg 768w, https:\/\/kuechenstudio-haeuptle.de\/wp-content\/uploads\/2020\/05\/Ausstellung6-1536x1022.jpg 1536w, https:\/\/kuechenstudio-haeuptle.de\/wp-content\/uploads\/2020\/05\/Ausstellung6-2048x1363.jpg 2048w\" sizes=\"auto, (max-width: 706px) 89vw, (max-width: 767px) 82vw, 740px\" \/><\/a><\/figure><\/li><li class=\"blocks-gallery-item\"><figure><a href=\"https:\/\/kuechenstudio-haeuptle.de\/wp-content\/uploads\/2020\/05\/Ausstellung5-scaled.jpg\"><img loading=\"lazy\" decoding=\"async\" width=\"2560\" height=\"1704\" src=\"https:\/\/kuechenstudio-haeuptle.de\/wp-content\/uploads\/2020\/05\/Ausstellung5-scaled.jpg\" alt=\"\" data-id=\"160\" data-full-url=\"https:\/\/kuechenstudio-haeuptle.de\/wp-content\/uploads\/2020\/05\/Ausstellung5-scaled.jpg\" data-link=\"https:\/\/kuechenstudio-haeuptle.de\/?attachment_id=160\" class=\"wp-image-160\" srcset=\"https:\/\/kuechenstudio-haeuptle.de\/wp-content\/uploads\/2020\/05\/Ausstellung5-scaled.jpg 2560w, https:\/\/kuechenstudio-haeuptle.de\/wp-content\/uploads\/2020\/05\/Ausstellung5-300x200.jpg 300w, https:\/\/kuechenstudio-haeuptle.de\/wp-content\/uploads\/2020\/05\/Ausstellung5-1024x682.jpg 1024w, https:\/\/kuechenstudio-haeuptle.de\/wp-content\/uploads\/2020\/05\/Ausstellung5-768x511.jpg 768w, https:\/\/kuechenstudio-haeuptle.de\/wp-content\/uploads\/2020\/05\/Ausstellung5-1536x1022.jpg 1536w, https:\/\/kuechenstudio-haeuptle.de\/wp-content\/uploads\/2020\/05\/Ausstellung5-2048x1363.jpg 2048w\" sizes=\"auto, (max-width: 706px) 89vw, (max-width: 767px) 82vw, 740px\" \/><\/a><\/figure><\/li><li class=\"blocks-gallery-item\"><figure><a href=\"https:\/\/kuechenstudio-haeuptle.de\/wp-content\/uploads\/2020\/05\/Ausstellung4-scaled.jpg\"><img loading=\"lazy\" decoding=\"async\" width=\"2560\" height=\"1704\" src=\"https:\/\/kuechenstudio-haeuptle.de\/wp-content\/uploads\/2020\/05\/Ausstellung4-scaled.jpg\" alt=\"\" data-id=\"159\" data-full-url=\"https:\/\/kuechenstudio-haeuptle.de\/wp-content\/uploads\/2020\/05\/Ausstellung4-scaled.jpg\" data-link=\"https:\/\/kuechenstudio-haeuptle.de\/?attachment_id=159\" class=\"wp-image-159\" srcset=\"https:\/\/kuechenstudio-haeuptle.de\/wp-content\/uploads\/2020\/05\/Ausstellung4-scaled.jpg 2560w, https:\/\/kuechenstudio-haeuptle.de\/wp-content\/uploads\/2020\/05\/Ausstellung4-300x200.jpg 300w, https:\/\/kuechenstudio-haeuptle.de\/wp-content\/uploads\/2020\/05\/Ausstellung4-1024x682.jpg 1024w, https:\/\/kuechenstudio-haeuptle.de\/wp-content\/uploads\/2020\/05\/Ausstellung4-768x511.jpg 768w, https:\/\/kuechenstudio-haeuptle.de\/wp-content\/uploads\/2020\/05\/Ausstellung4-1536x1022.jpg 1536w, https:\/\/kuechenstudio-haeuptle.de\/wp-content\/uploads\/2020\/05\/Ausstellung4-2048x1363.jpg 2048w\" sizes=\"auto, (max-width: 706px) 89vw, (max-width: 767px) 82vw, 740px\" \/><\/a><\/figure><\/li><li class=\"blocks-gallery-item\"><figure><a href=\"https:\/\/kuechenstudio-haeuptle.de\/wp-content\/uploads\/2020\/05\/Ausstellung3-scaled.jpg\"><img loading=\"lazy\" decoding=\"async\" width=\"2560\" height=\"1704\" src=\"https:\/\/kuechenstudio-haeuptle.de\/wp-content\/uploads\/2020\/05\/Ausstellung3-scaled.jpg\" alt=\"\" data-id=\"158\" data-full-url=\"https:\/\/kuechenstudio-haeuptle.de\/wp-content\/uploads\/2020\/05\/Ausstellung3-scaled.jpg\" data-link=\"https:\/\/kuechenstudio-haeuptle.de\/?attachment_id=158\" class=\"wp-image-158\" srcset=\"https:\/\/kuechenstudio-haeuptle.de\/wp-content\/uploads\/2020\/05\/Ausstellung3-scaled.jpg 2560w, https:\/\/kuechenstudio-haeuptle.de\/wp-content\/uploads\/2020\/05\/Ausstellung3-300x200.jpg 300w, https:\/\/kuechenstudio-haeuptle.de\/wp-content\/uploads\/2020\/05\/Ausstellung3-1024x682.jpg 1024w, https:\/\/kuechenstudio-haeuptle.de\/wp-content\/uploads\/2020\/05\/Ausstellung3-768x511.jpg 768w, https:\/\/kuechenstudio-haeuptle.de\/wp-content\/uploads\/2020\/05\/Ausstellung3-1536x1022.jpg 1536w, https:\/\/kuechenstudio-haeuptle.de\/wp-content\/uploads\/2020\/05\/Ausstellung3-2048x1363.jpg 2048w\" sizes=\"auto, (max-width: 706px) 89vw, (max-width: 767px) 82vw, 740px\" \/><\/a><\/figure><\/li><li class=\"blocks-gallery-item\"><figure><a href=\"https:\/\/kuechenstudio-haeuptle.de\/wp-content\/uploads\/2020\/05\/Ausstellung2-scaled.jpg\"><img loading=\"lazy\" decoding=\"async\" width=\"2560\" height=\"1704\" src=\"https:\/\/kuechenstudio-haeuptle.de\/wp-content\/uploads\/2020\/05\/Ausstellung2-scaled.jpg\" alt=\"\" data-id=\"157\" data-full-url=\"https:\/\/kuechenstudio-haeuptle.de\/wp-content\/uploads\/2020\/05\/Ausstellung2-scaled.jpg\" data-link=\"https:\/\/kuechenstudio-haeuptle.de\/?attachment_id=157\" class=\"wp-image-157\" srcset=\"https:\/\/kuechenstudio-haeuptle.de\/wp-content\/uploads\/2020\/05\/Ausstellung2-scaled.jpg 2560w, https:\/\/kuechenstudio-haeuptle.de\/wp-content\/uploads\/2020\/05\/Ausstellung2-300x200.jpg 300w, https:\/\/kuechenstudio-haeuptle.de\/wp-content\/uploads\/2020\/05\/Ausstellung2-1024x682.jpg 1024w, https:\/\/kuechenstudio-haeuptle.de\/wp-content\/uploads\/2020\/05\/Ausstellung2-768x511.jpg 768w, https:\/\/kuechenstudio-haeuptle.de\/wp-content\/uploads\/2020\/05\/Ausstellung2-1536x1022.jpg 1536w, https:\/\/kuechenstudio-haeuptle.de\/wp-content\/uploads\/2020\/05\/Ausstellung2-2048x1363.jpg 2048w\" sizes=\"auto, (max-width: 706px) 89vw, (max-width: 767px) 82vw, 740px\" \/><\/a><\/figure><\/li><\/ul><\/figure>\n<\/div><\/div>\n","protected":false},"excerpt":{"rendered":"<p>Ausstellungsk\u00fcche Sachsen K\u00fcchen Samira F\u00fcr Sie in unserer Ausstellung zu sehen. Die hellgraue K\u00fcche in matter Optik verleiht Ihrem Wohnraum das gewisse Etwas. Die Elemente in Steinesche sorgen zudem f\u00fcr wohnliche Gem\u00fctlichkeit.<\/p>\n","protected":false},"author":1,"featured_media":0,"parent":28,"menu_order":0,"comment_status":"closed","ping_status":"closed","template":"","meta":{"footnotes":""},"class_list":["post-156","page","type-page","status-publish","hentry"],"_links":{"self":[{"href":"https:\/\/kuechenstudio-haeuptle.de\/index.php?rest_route=\/wp\/v2\/pages\/156","targetHints":{"allow":["GET"]}}],"collection":[{"href":"https:\/\/kuechenstudio-haeuptle.de\/index.php?rest_route=\/wp\/v2\/pages"}],"about":[{"href":"https:\/\/kuechenstudio-haeuptle.de\/index.php?rest_route=\/wp\/v2\/types\/page"}],"author":[{"embeddable":true,"href":"https:\/\/kuechenstudio-haeuptle.de\/index.php?rest_route=\/wp\/v2\/users\/1"}],"replies":[{"embeddable":true,"href":"https:\/\/kuechenstudio-haeuptle.de\/index.php?rest_route=%2Fwp%2Fv2%2Fcomments&post=156"}],"version-history":[{"count":11,"href":"https:\/\/kuechenstudio-haeuptle.de\/index.php?rest_route=\/wp\/v2\/pages\/156\/revisions"}],"predecessor-version":[{"id":550,"href":"https:\/\/kuechenstudio-haeuptle.de\/index.php?rest_route=\/wp\/v2\/pages\/156\/revisions\/550"}],"up":[{"embeddable":true,"href":"https:\/\/kuechenstudio-haeuptle.de\/index.php?rest_route=\/wp\/v2\/pages\/28"}],"wp:attachment":[{"href":"https:\/\/kuechenstudio-haeuptle.de\/index.php?rest_route=%2Fwp%2Fv2%2Fmedia&parent=156"}],"curies":[{"name":"wp","href":"https:\/\/api.w.org\/{rel}","templated":true}]}}