{"id":248,"date":"2020-05-11T21:23:16","date_gmt":"2020-05-11T21:23:16","guid":{"rendered":"https:\/\/kuechenstudio-haeuptle.de\/?page_id=248"},"modified":"2020-05-23T15:29:27","modified_gmt":"2020-05-23T15:29:27","slug":"ausstellungskueche-matrix-150","status":"publish","type":"page","link":"https:\/\/kuechenstudio-haeuptle.de\/?page_id=248","title":{"rendered":"Ausstellungsk\u00fcche Matrix 150"},"content":{"rendered":"\n<div class=\"wp-block-columns is-layout-flex wp-container-core-columns-is-layout-9d6595d7 wp-block-columns-is-layout-flex\">\n<div class=\"wp-block-column is-layout-flow wp-block-column-is-layout-flow\" style=\"flex-basis:33.33%\">\n<p><strong>Ausstellungsk\u00fcche<\/strong><\/p>\n\n\n\n<p><\/p>\n\n\n\n<h2 class=\"has-text-color wp-block-heading\" style=\"color:#82be4c\">Nolte K\u00fcchen <br>Matrix 150<\/h2>\n\n\n\n<p>F\u00fcr Sie in unserer Ausstellung zu sehen.<\/p>\n\n\n\n<hr class=\"wp-block-separator\"\/>\n\n\n\n<p>Die Kombination des sanften Beige-Farbtons der Schr\u00e4nke mit dem warmen Braunton der Keramik-Arbeitsplatte sorgt f\u00fcr Gem\u00fctlichkeit in Ihrem Zuhause. Die Motiv-Glasr\u00fcckwand sorgt dabei f\u00fcr den Frischekick.<\/p>\n\n\n\n<p>Der nachfolgend genannte Preis versteht sich als Abholpreis.<\/p>\n\n\n\n<div class=\"wp-block-buttons is-layout-flex wp-block-buttons-is-layout-flex\">\n<div class=\"wp-block-button\"><a class=\"wp-block-button__link has-background\" style=\"background-color:#82be4c\">7.900 Euro<\/a><\/div>\n<\/div>\n<\/div>\n\n\n\n<div class=\"wp-block-column is-layout-flow wp-block-column-is-layout-flow\" style=\"flex-basis:66.66%\">\n<figure class=\"wp-block-image size-large\"><a href=\"https:\/\/kuechenstudio-haeuptle.de\/wp-content\/uploads\/2020\/05\/DSC_0238-scaled.jpg\"><img loading=\"lazy\" decoding=\"async\" width=\"683\" height=\"1024\" src=\"https:\/\/kuechenstudio-haeuptle.de\/wp-content\/uploads\/2020\/05\/DSC_0238-683x1024.jpg\" alt=\"\" class=\"wp-image-479\" srcset=\"https:\/\/kuechenstudio-haeuptle.de\/wp-content\/uploads\/2020\/05\/DSC_0238-683x1024.jpg 683w, https:\/\/kuechenstudio-haeuptle.de\/wp-content\/uploads\/2020\/05\/DSC_0238-200x300.jpg 200w, https:\/\/kuechenstudio-haeuptle.de\/wp-content\/uploads\/2020\/05\/DSC_0238-768x1152.jpg 768w, https:\/\/kuechenstudio-haeuptle.de\/wp-content\/uploads\/2020\/05\/DSC_0238-1024x1536.jpg 1024w, https:\/\/kuechenstudio-haeuptle.de\/wp-content\/uploads\/2020\/05\/DSC_0238-1365x2048.jpg 1365w, https:\/\/kuechenstudio-haeuptle.de\/wp-content\/uploads\/2020\/05\/DSC_0238-scaled.jpg 1707w\" sizes=\"auto, (max-width: 683px) 100vw, 683px\" \/><\/a><\/figure>\n<\/div>\n<\/div>\n\n\n\n<figure class=\"wp-block-gallery columns-2 is-cropped wp-block-gallery-1 is-layout-flex wp-block-gallery-is-layout-flex\"><ul class=\"blocks-gallery-grid\"><li class=\"blocks-gallery-item\"><figure><a href=\"https:\/\/kuechenstudio-haeuptle.de\/wp-content\/uploads\/2020\/05\/Miele-Classic-Geschirrspu\u0308lmaschine-scaled.jpg\"><img loading=\"lazy\" decoding=\"async\" width=\"774\" height=\"1024\" src=\"https:\/\/kuechenstudio-haeuptle.de\/wp-content\/uploads\/2020\/05\/Miele-Classic-Geschirrspu\u0308lmaschine-774x1024.jpg\" alt=\"Nolte K\u00fcchen Matrix 150, Miele, Keramik, Arbeitsplatte, Geschirsp\u00fclmaschine, Glasr\u00fcckwand, Lechner\" data-id=\"252\" data-full-url=\"https:\/\/kuechenstudio-haeuptle.de\/wp-content\/uploads\/2020\/05\/Miele-Classic-Geschirrspu\u0308lmaschine-scaled.jpg\" data-link=\"https:\/\/kuechenstudio-haeuptle.de\/?attachment_id=252\" class=\"wp-image-252\" srcset=\"https:\/\/kuechenstudio-haeuptle.de\/wp-content\/uploads\/2020\/05\/Miele-Classic-Geschirrspu\u0308lmaschine-774x1024.jpg 774w, https:\/\/kuechenstudio-haeuptle.de\/wp-content\/uploads\/2020\/05\/Miele-Classic-Geschirrspu\u0308lmaschine-227x300.jpg 227w, https:\/\/kuechenstudio-haeuptle.de\/wp-content\/uploads\/2020\/05\/Miele-Classic-Geschirrspu\u0308lmaschine-768x1016.jpg 768w, https:\/\/kuechenstudio-haeuptle.de\/wp-content\/uploads\/2020\/05\/Miele-Classic-Geschirrspu\u0308lmaschine-1161x1536.jpg 1161w, https:\/\/kuechenstudio-haeuptle.de\/wp-content\/uploads\/2020\/05\/Miele-Classic-Geschirrspu\u0308lmaschine-1547x2048.jpg 1547w, https:\/\/kuechenstudio-haeuptle.de\/wp-content\/uploads\/2020\/05\/Miele-Classic-Geschirrspu\u0308lmaschine-scaled.jpg 1934w\" sizes=\"auto, (max-width: 706px) 89vw, (max-width: 767px) 82vw, 740px\" \/><\/a><\/figure><\/li><li class=\"blocks-gallery-item\"><figure><a href=\"https:\/\/kuechenstudio-haeuptle.de\/wp-content\/uploads\/2020\/05\/Nolte-Matrix-150-Karussell-Schrank-scaled.jpg\"><img loading=\"lazy\" decoding=\"async\" width=\"768\" height=\"1024\" src=\"https:\/\/kuechenstudio-haeuptle.de\/wp-content\/uploads\/2020\/05\/Nolte-Matrix-150-Karussell-Schrank-768x1024.jpg\" alt=\"Nolte K\u00fcchen Matrix 150, Miele, Keramik, Arbeitsplatte, Geschirsp\u00fclmaschine, Glasr\u00fcckwand, Lechner\" data-id=\"250\" data-full-url=\"https:\/\/kuechenstudio-haeuptle.de\/wp-content\/uploads\/2020\/05\/Nolte-Matrix-150-Karussell-Schrank-scaled.jpg\" data-link=\"https:\/\/kuechenstudio-haeuptle.de\/?attachment_id=250\" class=\"wp-image-250\" srcset=\"https:\/\/kuechenstudio-haeuptle.de\/wp-content\/uploads\/2020\/05\/Nolte-Matrix-150-Karussell-Schrank-768x1024.jpg 768w, https:\/\/kuechenstudio-haeuptle.de\/wp-content\/uploads\/2020\/05\/Nolte-Matrix-150-Karussell-Schrank-225x300.jpg 225w, https:\/\/kuechenstudio-haeuptle.de\/wp-content\/uploads\/2020\/05\/Nolte-Matrix-150-Karussell-Schrank-1152x1536.jpg 1152w, https:\/\/kuechenstudio-haeuptle.de\/wp-content\/uploads\/2020\/05\/Nolte-Matrix-150-Karussell-Schrank-1536x2048.jpg 1536w, https:\/\/kuechenstudio-haeuptle.de\/wp-content\/uploads\/2020\/05\/Nolte-Matrix-150-Karussell-Schrank-scaled.jpg 1920w\" sizes=\"auto, (max-width: 706px) 89vw, (max-width: 767px) 82vw, 740px\" \/><\/a><\/figure><\/li><li class=\"blocks-gallery-item\"><figure><a href=\"https:\/\/kuechenstudio-haeuptle.de\/wp-content\/uploads\/2020\/05\/Nolte-Glasnische-Orange-scaled.jpg\"><img loading=\"lazy\" decoding=\"async\" width=\"768\" height=\"1024\" src=\"https:\/\/kuechenstudio-haeuptle.de\/wp-content\/uploads\/2020\/05\/Nolte-Glasnische-Orange-768x1024.jpg\" alt=\"Nolte K\u00fcchen Matrix 150, Miele, Keramik, Arbeitsplatte, Geschirsp\u00fclmaschine, Glasr\u00fcckwand, Lechner\" data-id=\"249\" data-full-url=\"https:\/\/kuechenstudio-haeuptle.de\/wp-content\/uploads\/2020\/05\/Nolte-Glasnische-Orange-scaled.jpg\" data-link=\"https:\/\/kuechenstudio-haeuptle.de\/?attachment_id=249\" class=\"wp-image-249\" srcset=\"https:\/\/kuechenstudio-haeuptle.de\/wp-content\/uploads\/2020\/05\/Nolte-Glasnische-Orange-768x1024.jpg 768w, https:\/\/kuechenstudio-haeuptle.de\/wp-content\/uploads\/2020\/05\/Nolte-Glasnische-Orange-225x300.jpg 225w, https:\/\/kuechenstudio-haeuptle.de\/wp-content\/uploads\/2020\/05\/Nolte-Glasnische-Orange-1152x1536.jpg 1152w, https:\/\/kuechenstudio-haeuptle.de\/wp-content\/uploads\/2020\/05\/Nolte-Glasnische-Orange-1536x2048.jpg 1536w, https:\/\/kuechenstudio-haeuptle.de\/wp-content\/uploads\/2020\/05\/Nolte-Glasnische-Orange-scaled.jpg 1920w\" sizes=\"auto, (max-width: 706px) 89vw, (max-width: 767px) 82vw, 740px\" \/><\/a><\/figure><\/li><li class=\"blocks-gallery-item\"><figure><a href=\"https:\/\/kuechenstudio-haeuptle.de\/wp-content\/uploads\/2020\/05\/Nolte-Matrix-150-scaled.jpg\"><img loading=\"lazy\" decoding=\"async\" width=\"1024\" height=\"768\" src=\"https:\/\/kuechenstudio-haeuptle.de\/wp-content\/uploads\/2020\/05\/Nolte-Matrix-150-1024x768.jpg\" alt=\"Nolte K\u00fcchen Matrix 150, Miele, Keramik, Arbeitsplatte, Geschirsp\u00fclmaschine, Glasr\u00fcckwand, Lechner, Silverline\" data-id=\"251\" data-full-url=\"https:\/\/kuechenstudio-haeuptle.de\/wp-content\/uploads\/2020\/05\/Nolte-Matrix-150-scaled.jpg\" data-link=\"https:\/\/kuechenstudio-haeuptle.de\/?attachment_id=251\" class=\"wp-image-251\" srcset=\"https:\/\/kuechenstudio-haeuptle.de\/wp-content\/uploads\/2020\/05\/Nolte-Matrix-150-1024x768.jpg 1024w, https:\/\/kuechenstudio-haeuptle.de\/wp-content\/uploads\/2020\/05\/Nolte-Matrix-150-300x225.jpg 300w, https:\/\/kuechenstudio-haeuptle.de\/wp-content\/uploads\/2020\/05\/Nolte-Matrix-150-768x576.jpg 768w, https:\/\/kuechenstudio-haeuptle.de\/wp-content\/uploads\/2020\/05\/Nolte-Matrix-150-1536x1152.jpg 1536w, https:\/\/kuechenstudio-haeuptle.de\/wp-content\/uploads\/2020\/05\/Nolte-Matrix-150-2048x1535.jpg 2048w\" sizes=\"auto, (max-width: 706px) 89vw, (max-width: 767px) 82vw, 740px\" \/><\/a><\/figure><\/li><li class=\"blocks-gallery-item\"><figure><a href=\"https:\/\/kuechenstudio-haeuptle.de\/wp-content\/uploads\/2020\/05\/DSC_0225-scaled.jpg\"><img loading=\"lazy\" decoding=\"async\" width=\"683\" height=\"1024\" src=\"https:\/\/kuechenstudio-haeuptle.de\/wp-content\/uploads\/2020\/05\/DSC_0225-683x1024.jpg\" alt=\"\" data-id=\"480\" data-full-url=\"https:\/\/kuechenstudio-haeuptle.de\/wp-content\/uploads\/2020\/05\/DSC_0225-scaled.jpg\" data-link=\"https:\/\/kuechenstudio-haeuptle.de\/?attachment_id=480\" class=\"wp-image-480\" srcset=\"https:\/\/kuechenstudio-haeuptle.de\/wp-content\/uploads\/2020\/05\/DSC_0225-683x1024.jpg 683w, https:\/\/kuechenstudio-haeuptle.de\/wp-content\/uploads\/2020\/05\/DSC_0225-200x300.jpg 200w, https:\/\/kuechenstudio-haeuptle.de\/wp-content\/uploads\/2020\/05\/DSC_0225-768x1152.jpg 768w, https:\/\/kuechenstudio-haeuptle.de\/wp-content\/uploads\/2020\/05\/DSC_0225-1024x1536.jpg 1024w, https:\/\/kuechenstudio-haeuptle.de\/wp-content\/uploads\/2020\/05\/DSC_0225-1365x2048.jpg 1365w, https:\/\/kuechenstudio-haeuptle.de\/wp-content\/uploads\/2020\/05\/DSC_0225-scaled.jpg 1707w\" sizes=\"auto, (max-width: 683px) 100vw, 683px\" \/><\/a><\/figure><\/li><li class=\"blocks-gallery-item\"><figure><a href=\"https:\/\/kuechenstudio-haeuptle.de\/wp-content\/uploads\/2020\/05\/DSC_0229-scaled.jpg\"><img loading=\"lazy\" decoding=\"async\" width=\"1024\" height=\"683\" src=\"https:\/\/kuechenstudio-haeuptle.de\/wp-content\/uploads\/2020\/05\/DSC_0229-1024x683.jpg\" alt=\"\" data-id=\"482\" data-full-url=\"https:\/\/kuechenstudio-haeuptle.de\/wp-content\/uploads\/2020\/05\/DSC_0229-scaled.jpg\" data-link=\"https:\/\/kuechenstudio-haeuptle.de\/?attachment_id=482\" class=\"wp-image-482\" srcset=\"https:\/\/kuechenstudio-haeuptle.de\/wp-content\/uploads\/2020\/05\/DSC_0229-1024x683.jpg 1024w, https:\/\/kuechenstudio-haeuptle.de\/wp-content\/uploads\/2020\/05\/DSC_0229-300x200.jpg 300w, https:\/\/kuechenstudio-haeuptle.de\/wp-content\/uploads\/2020\/05\/DSC_0229-768x512.jpg 768w, https:\/\/kuechenstudio-haeuptle.de\/wp-content\/uploads\/2020\/05\/DSC_0229-1536x1024.jpg 1536w, https:\/\/kuechenstudio-haeuptle.de\/wp-content\/uploads\/2020\/05\/DSC_0229-2048x1365.jpg 2048w\" sizes=\"auto, (max-width: 706px) 89vw, (max-width: 767px) 82vw, 740px\" \/><\/a><\/figure><\/li><li class=\"blocks-gallery-item\"><figure><a href=\"https:\/\/kuechenstudio-haeuptle.de\/wp-content\/uploads\/2020\/05\/DSC_0233-scaled.jpg\"><img loading=\"lazy\" decoding=\"async\" width=\"683\" height=\"1024\" src=\"https:\/\/kuechenstudio-haeuptle.de\/wp-content\/uploads\/2020\/05\/DSC_0233-683x1024.jpg\" alt=\"\" data-id=\"483\" data-full-url=\"https:\/\/kuechenstudio-haeuptle.de\/wp-content\/uploads\/2020\/05\/DSC_0233-scaled.jpg\" data-link=\"https:\/\/kuechenstudio-haeuptle.de\/?attachment_id=483\" class=\"wp-image-483\" srcset=\"https:\/\/kuechenstudio-haeuptle.de\/wp-content\/uploads\/2020\/05\/DSC_0233-683x1024.jpg 683w, https:\/\/kuechenstudio-haeuptle.de\/wp-content\/uploads\/2020\/05\/DSC_0233-200x300.jpg 200w, https:\/\/kuechenstudio-haeuptle.de\/wp-content\/uploads\/2020\/05\/DSC_0233-768x1152.jpg 768w, https:\/\/kuechenstudio-haeuptle.de\/wp-content\/uploads\/2020\/05\/DSC_0233-1024x1536.jpg 1024w, https:\/\/kuechenstudio-haeuptle.de\/wp-content\/uploads\/2020\/05\/DSC_0233-1365x2048.jpg 1365w, https:\/\/kuechenstudio-haeuptle.de\/wp-content\/uploads\/2020\/05\/DSC_0233-scaled.jpg 1707w\" sizes=\"auto, (max-width: 683px) 100vw, 683px\" \/><\/a><\/figure><\/li><li class=\"blocks-gallery-item\"><figure><a href=\"https:\/\/kuechenstudio-haeuptle.de\/wp-content\/uploads\/2020\/05\/DSC_0240-scaled.jpg\"><img loading=\"lazy\" decoding=\"async\" width=\"1024\" height=\"683\" src=\"https:\/\/kuechenstudio-haeuptle.de\/wp-content\/uploads\/2020\/05\/DSC_0240-1024x683.jpg\" alt=\"\" data-id=\"485\" data-full-url=\"https:\/\/kuechenstudio-haeuptle.de\/wp-content\/uploads\/2020\/05\/DSC_0240-scaled.jpg\" data-link=\"https:\/\/kuechenstudio-haeuptle.de\/?attachment_id=485\" class=\"wp-image-485\" srcset=\"https:\/\/kuechenstudio-haeuptle.de\/wp-content\/uploads\/2020\/05\/DSC_0240-1024x683.jpg 1024w, https:\/\/kuechenstudio-haeuptle.de\/wp-content\/uploads\/2020\/05\/DSC_0240-300x200.jpg 300w, https:\/\/kuechenstudio-haeuptle.de\/wp-content\/uploads\/2020\/05\/DSC_0240-768x512.jpg 768w, https:\/\/kuechenstudio-haeuptle.de\/wp-content\/uploads\/2020\/05\/DSC_0240-1536x1024.jpg 1536w, https:\/\/kuechenstudio-haeuptle.de\/wp-content\/uploads\/2020\/05\/DSC_0240-2048x1365.jpg 2048w\" sizes=\"auto, (max-width: 706px) 89vw, (max-width: 767px) 82vw, 740px\" \/><\/a><\/figure><\/li><li class=\"blocks-gallery-item\"><figure><a href=\"https:\/\/kuechenstudio-haeuptle.de\/wp-content\/uploads\/2020\/05\/DSC_0247-scaled.jpg\"><img loading=\"lazy\" decoding=\"async\" width=\"1024\" height=\"683\" src=\"https:\/\/kuechenstudio-haeuptle.de\/wp-content\/uploads\/2020\/05\/DSC_0247-1024x683.jpg\" alt=\"\" data-id=\"486\" data-full-url=\"https:\/\/kuechenstudio-haeuptle.de\/wp-content\/uploads\/2020\/05\/DSC_0247-scaled.jpg\" data-link=\"https:\/\/kuechenstudio-haeuptle.de\/?attachment_id=486\" class=\"wp-image-486\" srcset=\"https:\/\/kuechenstudio-haeuptle.de\/wp-content\/uploads\/2020\/05\/DSC_0247-1024x683.jpg 1024w, https:\/\/kuechenstudio-haeuptle.de\/wp-content\/uploads\/2020\/05\/DSC_0247-300x200.jpg 300w, https:\/\/kuechenstudio-haeuptle.de\/wp-content\/uploads\/2020\/05\/DSC_0247-768x512.jpg 768w, https:\/\/kuechenstudio-haeuptle.de\/wp-content\/uploads\/2020\/05\/DSC_0247-1536x1024.jpg 1536w, https:\/\/kuechenstudio-haeuptle.de\/wp-content\/uploads\/2020\/05\/DSC_0247-2048x1365.jpg 2048w\" sizes=\"auto, (max-width: 706px) 89vw, (max-width: 767px) 82vw, 740px\" \/><\/a><\/figure><\/li><\/ul><\/figure>\n\n\n\n<figure class=\"wp-block-gallery columns-0 is-cropped wp-block-gallery-2 is-layout-flex wp-block-gallery-is-layout-flex\"><ul class=\"blocks-gallery-grid\"><\/ul><\/figure>\n","protected":false},"excerpt":{"rendered":"<p>Ausstellungsk\u00fcche Nolte K\u00fcchen Matrix 150 F\u00fcr Sie in unserer Ausstellung zu sehen. Die Kombination des sanften Beige-Farbtons der Schr\u00e4nke mit dem warmen Braunton der Keramik-Arbeitsplatte sorgt f\u00fcr Gem\u00fctlichkeit in Ihrem Zuhause. Die Motiv-Glasr\u00fcckwand sorgt dabei f\u00fcr den Frischekick. Der nachfolgend genannte Preis versteht sich als Abholpreis.<\/p>\n","protected":false},"author":1,"featured_media":0,"parent":28,"menu_order":0,"comment_status":"closed","ping_status":"closed","template":"","meta":{"footnotes":""},"class_list":["post-248","page","type-page","status-publish","hentry"],"_links":{"self":[{"href":"https:\/\/kuechenstudio-haeuptle.de\/index.php?rest_route=\/wp\/v2\/pages\/248","targetHints":{"allow":["GET"]}}],"collection":[{"href":"https:\/\/kuechenstudio-haeuptle.de\/index.php?rest_route=\/wp\/v2\/pages"}],"about":[{"href":"https:\/\/kuechenstudio-haeuptle.de\/index.php?rest_route=\/wp\/v2\/types\/page"}],"author":[{"embeddable":true,"href":"https:\/\/kuechenstudio-haeuptle.de\/index.php?rest_route=\/wp\/v2\/users\/1"}],"replies":[{"embeddable":true,"href":"https:\/\/kuechenstudio-haeuptle.de\/index.php?rest_route=%2Fwp%2Fv2%2Fcomments&post=248"}],"version-history":[{"count":4,"href":"https:\/\/kuechenstudio-haeuptle.de\/index.php?rest_route=\/wp\/v2\/pages\/248\/revisions"}],"predecessor-version":[{"id":584,"href":"https:\/\/kuechenstudio-haeuptle.de\/index.php?rest_route=\/wp\/v2\/pages\/248\/revisions\/584"}],"up":[{"embeddable":true,"href":"https:\/\/kuechenstudio-haeuptle.de\/index.php?rest_route=\/wp\/v2\/pages\/28"}],"wp:attachment":[{"href":"https:\/\/kuechenstudio-haeuptle.de\/index.php?rest_route=%2Fwp%2Fv2%2Fmedia&parent=248"}],"curies":[{"name":"wp","href":"https:\/\/api.w.org\/{rel}","templated":true}]}}