{"id":256,"date":"2020-05-11T21:37:57","date_gmt":"2020-05-11T21:37:57","guid":{"rendered":"https:\/\/kuechenstudio-haeuptle.de\/?page_id=256"},"modified":"2020-05-11T21:37:57","modified_gmt":"2020-05-11T21:37:57","slug":"funktionskueche-largo-zebrano","status":"publish","type":"page","link":"https:\/\/kuechenstudio-haeuptle.de\/?page_id=256","title":{"rendered":"Funktionsk\u00fcche Largo Zebrano"},"content":{"rendered":"\n<div class=\"wp-block-columns is-layout-flex wp-container-core-columns-is-layout-9d6595d7 wp-block-columns-is-layout-flex\">\n<div class=\"wp-block-column is-layout-flow wp-block-column-is-layout-flow\" style=\"flex-basis:33.33%\">\n<p><strong>Funktionsk\u00fcche<\/strong><\/p>\n\n\n\n<p><\/p>\n\n\n\n<h2 class=\"has-text-color wp-block-heading\" style=\"color:#82be4c\">Largo Zebrano Hochglanz Magnolie<\/h2>\n\n\n\n<p>F\u00fcr Kochevents, Ger\u00e4tevorf\u00fchrungen und Veranstaltungen.<\/p>\n\n\n\n<hr class=\"wp-block-separator\"\/>\n\n\n\n<p>Regelm\u00e4\u00dfig bieten wir Ger\u00e4tevorf\u00fchrungen und Kochevents an, um Ihnen die neuesten Trends im Bereich K\u00fcchen vorzuf\u00fchren. Das gesellige Beisammensein mit gutem Essen und Wein geh\u00f6ren da nat\u00fcrlich auch dazu. Auf unserer Website informieren wir Sie, wenn neue Termine anstehen.<\/p>\n\n\n\n<div class=\"wp-block-buttons is-layout-flex wp-block-buttons-is-layout-flex\">\n<div class=\"wp-block-button\"><a class=\"wp-block-button__link has-background\" href=\"\" style=\"background-color:#82be4c\" target=\"_blank\" rel=\"noreferrer noopener\">Zu den News<\/a><\/div>\n<\/div>\n<\/div>\n\n\n\n<div class=\"wp-block-column is-layout-flow wp-block-column-is-layout-flow\" style=\"flex-basis:66.66%\">\n<figure class=\"wp-block-image size-large\"><img loading=\"lazy\" decoding=\"async\" width=\"768\" height=\"1024\" src=\"https:\/\/kuechenstudio-haeuptle.de\/wp-content\/uploads\/2020\/05\/Miele-Largo-Zebrano-Gera\u0308te.-768x1024.jpg\" alt=\"\" class=\"wp-image-263\" srcset=\"https:\/\/kuechenstudio-haeuptle.de\/wp-content\/uploads\/2020\/05\/Miele-Largo-Zebrano-Gera\u0308te.-768x1024.jpg 768w, https:\/\/kuechenstudio-haeuptle.de\/wp-content\/uploads\/2020\/05\/Miele-Largo-Zebrano-Gera\u0308te.-225x300.jpg 225w, https:\/\/kuechenstudio-haeuptle.de\/wp-content\/uploads\/2020\/05\/Miele-Largo-Zebrano-Gera\u0308te.-1152x1536.jpg 1152w, https:\/\/kuechenstudio-haeuptle.de\/wp-content\/uploads\/2020\/05\/Miele-Largo-Zebrano-Gera\u0308te.-1536x2048.jpg 1536w, https:\/\/kuechenstudio-haeuptle.de\/wp-content\/uploads\/2020\/05\/Miele-Largo-Zebrano-Gera\u0308te.-scaled.jpg 1920w\" sizes=\"auto, (max-width: 706px) 89vw, (max-width: 767px) 82vw, 740px\" \/><\/figure>\n<\/div>\n<\/div>\n\n\n\n<figure class=\"wp-block-gallery columns-2 is-cropped wp-block-gallery-1 is-layout-flex wp-block-gallery-is-layout-flex\"><ul class=\"blocks-gallery-grid\"><li class=\"blocks-gallery-item\"><figure><a href=\"https:\/\/kuechenstudio-haeuptle.de\/wp-content\/uploads\/2020\/05\/Miele-Dampfgarer-Innenleben-scaled.jpg\"><img loading=\"lazy\" decoding=\"async\" width=\"2560\" height=\"1920\" src=\"https:\/\/kuechenstudio-haeuptle.de\/wp-content\/uploads\/2020\/05\/Miele-Dampfgarer-Innenleben-scaled.jpg\" alt=\"\" data-id=\"257\" data-full-url=\"https:\/\/kuechenstudio-haeuptle.de\/wp-content\/uploads\/2020\/05\/Miele-Dampfgarer-Innenleben-scaled.jpg\" data-link=\"https:\/\/kuechenstudio-haeuptle.de\/?attachment_id=257\" class=\"wp-image-257\" srcset=\"https:\/\/kuechenstudio-haeuptle.de\/wp-content\/uploads\/2020\/05\/Miele-Dampfgarer-Innenleben-scaled.jpg 2560w, https:\/\/kuechenstudio-haeuptle.de\/wp-content\/uploads\/2020\/05\/Miele-Dampfgarer-Innenleben-300x225.jpg 300w, https:\/\/kuechenstudio-haeuptle.de\/wp-content\/uploads\/2020\/05\/Miele-Dampfgarer-Innenleben-1024x768.jpg 1024w, https:\/\/kuechenstudio-haeuptle.de\/wp-content\/uploads\/2020\/05\/Miele-Dampfgarer-Innenleben-768x576.jpg 768w, https:\/\/kuechenstudio-haeuptle.de\/wp-content\/uploads\/2020\/05\/Miele-Dampfgarer-Innenleben-1536x1152.jpg 1536w, https:\/\/kuechenstudio-haeuptle.de\/wp-content\/uploads\/2020\/05\/Miele-Dampfgarer-Innenleben-2048x1536.jpg 2048w\" sizes=\"auto, (max-width: 706px) 89vw, (max-width: 767px) 82vw, 740px\" \/><\/a><\/figure><\/li><li class=\"blocks-gallery-item\"><figure><a href=\"https:\/\/kuechenstudio-haeuptle.de\/wp-content\/uploads\/2020\/05\/Miele-Dampfgarer-und-Kafeemaschine-scaled.jpg\"><img loading=\"lazy\" decoding=\"async\" width=\"1920\" height=\"2560\" src=\"https:\/\/kuechenstudio-haeuptle.de\/wp-content\/uploads\/2020\/05\/Miele-Dampfgarer-und-Kafeemaschine-scaled.jpg\" alt=\"\" data-id=\"258\" data-full-url=\"https:\/\/kuechenstudio-haeuptle.de\/wp-content\/uploads\/2020\/05\/Miele-Dampfgarer-und-Kafeemaschine-scaled.jpg\" data-link=\"https:\/\/kuechenstudio-haeuptle.de\/?attachment_id=258\" class=\"wp-image-258\" srcset=\"https:\/\/kuechenstudio-haeuptle.de\/wp-content\/uploads\/2020\/05\/Miele-Dampfgarer-und-Kafeemaschine-scaled.jpg 1920w, https:\/\/kuechenstudio-haeuptle.de\/wp-content\/uploads\/2020\/05\/Miele-Dampfgarer-und-Kafeemaschine-225x300.jpg 225w, https:\/\/kuechenstudio-haeuptle.de\/wp-content\/uploads\/2020\/05\/Miele-Dampfgarer-und-Kafeemaschine-768x1024.jpg 768w, https:\/\/kuechenstudio-haeuptle.de\/wp-content\/uploads\/2020\/05\/Miele-Dampfgarer-und-Kafeemaschine-1152x1536.jpg 1152w, https:\/\/kuechenstudio-haeuptle.de\/wp-content\/uploads\/2020\/05\/Miele-Dampfgarer-und-Kafeemaschine-1536x2048.jpg 1536w\" sizes=\"auto, (max-width: 706px) 89vw, (max-width: 767px) 82vw, 740px\" \/><\/a><\/figure><\/li><li class=\"blocks-gallery-item\"><figure><a href=\"https:\/\/kuechenstudio-haeuptle.de\/wp-content\/uploads\/2020\/05\/Miele-Largo-3100-beleuchtete-Oberschra\u0308nke-scaled.jpg\"><img loading=\"lazy\" decoding=\"async\" width=\"1920\" height=\"2560\" src=\"https:\/\/kuechenstudio-haeuptle.de\/wp-content\/uploads\/2020\/05\/Miele-Largo-3100-beleuchtete-Oberschra\u0308nke-scaled.jpg\" alt=\"\" data-id=\"259\" data-full-url=\"https:\/\/kuechenstudio-haeuptle.de\/wp-content\/uploads\/2020\/05\/Miele-Largo-3100-beleuchtete-Oberschra\u0308nke-scaled.jpg\" data-link=\"https:\/\/kuechenstudio-haeuptle.de\/?attachment_id=259\" class=\"wp-image-259\" srcset=\"https:\/\/kuechenstudio-haeuptle.de\/wp-content\/uploads\/2020\/05\/Miele-Largo-3100-beleuchtete-Oberschra\u0308nke-scaled.jpg 1920w, https:\/\/kuechenstudio-haeuptle.de\/wp-content\/uploads\/2020\/05\/Miele-Largo-3100-beleuchtete-Oberschra\u0308nke-225x300.jpg 225w, https:\/\/kuechenstudio-haeuptle.de\/wp-content\/uploads\/2020\/05\/Miele-Largo-3100-beleuchtete-Oberschra\u0308nke-768x1024.jpg 768w, https:\/\/kuechenstudio-haeuptle.de\/wp-content\/uploads\/2020\/05\/Miele-Largo-3100-beleuchtete-Oberschra\u0308nke-1152x1536.jpg 1152w, https:\/\/kuechenstudio-haeuptle.de\/wp-content\/uploads\/2020\/05\/Miele-Largo-3100-beleuchtete-Oberschra\u0308nke-1536x2048.jpg 1536w\" sizes=\"auto, (max-width: 706px) 89vw, (max-width: 767px) 82vw, 740px\" \/><\/a><\/figure><\/li><li class=\"blocks-gallery-item\"><figure><a href=\"https:\/\/kuechenstudio-haeuptle.de\/wp-content\/uploads\/2020\/05\/Miele-Largo-3100-Kochinsel-scaled.jpg\"><img loading=\"lazy\" decoding=\"async\" width=\"2560\" height=\"1920\" src=\"https:\/\/kuechenstudio-haeuptle.de\/wp-content\/uploads\/2020\/05\/Miele-Largo-3100-Kochinsel-scaled.jpg\" alt=\"\" data-id=\"260\" data-full-url=\"https:\/\/kuechenstudio-haeuptle.de\/wp-content\/uploads\/2020\/05\/Miele-Largo-3100-Kochinsel-scaled.jpg\" data-link=\"https:\/\/kuechenstudio-haeuptle.de\/?attachment_id=260\" class=\"wp-image-260\" srcset=\"https:\/\/kuechenstudio-haeuptle.de\/wp-content\/uploads\/2020\/05\/Miele-Largo-3100-Kochinsel-scaled.jpg 2560w, https:\/\/kuechenstudio-haeuptle.de\/wp-content\/uploads\/2020\/05\/Miele-Largo-3100-Kochinsel-300x225.jpg 300w, https:\/\/kuechenstudio-haeuptle.de\/wp-content\/uploads\/2020\/05\/Miele-Largo-3100-Kochinsel-1024x768.jpg 1024w, https:\/\/kuechenstudio-haeuptle.de\/wp-content\/uploads\/2020\/05\/Miele-Largo-3100-Kochinsel-768x576.jpg 768w, https:\/\/kuechenstudio-haeuptle.de\/wp-content\/uploads\/2020\/05\/Miele-Largo-3100-Kochinsel-1536x1152.jpg 1536w, https:\/\/kuechenstudio-haeuptle.de\/wp-content\/uploads\/2020\/05\/Miele-Largo-3100-Kochinsel-2048x1536.jpg 2048w\" sizes=\"auto, (max-width: 706px) 89vw, (max-width: 767px) 82vw, 740px\" \/><\/a><\/figure><\/li><li class=\"blocks-gallery-item\"><figure><a href=\"https:\/\/kuechenstudio-haeuptle.de\/wp-content\/uploads\/2020\/05\/Miele-Largo-3100-Zebrano-scaled.jpg\"><img loading=\"lazy\" decoding=\"async\" width=\"2560\" height=\"1920\" src=\"https:\/\/kuechenstudio-haeuptle.de\/wp-content\/uploads\/2020\/05\/Miele-Largo-3100-Zebrano-scaled.jpg\" alt=\"\" data-id=\"261\" data-full-url=\"https:\/\/kuechenstudio-haeuptle.de\/wp-content\/uploads\/2020\/05\/Miele-Largo-3100-Zebrano-scaled.jpg\" data-link=\"https:\/\/kuechenstudio-haeuptle.de\/?attachment_id=261\" class=\"wp-image-261\" srcset=\"https:\/\/kuechenstudio-haeuptle.de\/wp-content\/uploads\/2020\/05\/Miele-Largo-3100-Zebrano-scaled.jpg 2560w, https:\/\/kuechenstudio-haeuptle.de\/wp-content\/uploads\/2020\/05\/Miele-Largo-3100-Zebrano-300x225.jpg 300w, https:\/\/kuechenstudio-haeuptle.de\/wp-content\/uploads\/2020\/05\/Miele-Largo-3100-Zebrano-1024x768.jpg 1024w, https:\/\/kuechenstudio-haeuptle.de\/wp-content\/uploads\/2020\/05\/Miele-Largo-3100-Zebrano-768x576.jpg 768w, https:\/\/kuechenstudio-haeuptle.de\/wp-content\/uploads\/2020\/05\/Miele-Largo-3100-Zebrano-1536x1152.jpg 1536w, https:\/\/kuechenstudio-haeuptle.de\/wp-content\/uploads\/2020\/05\/Miele-Largo-3100-Zebrano-2048x1536.jpg 2048w\" sizes=\"auto, (max-width: 706px) 89vw, (max-width: 767px) 82vw, 740px\" \/><\/a><\/figure><\/li><li class=\"blocks-gallery-item\"><figure><a href=\"https:\/\/kuechenstudio-haeuptle.de\/wp-content\/uploads\/2020\/05\/Miele-Largo-Zebrano-Details-scaled.jpg\"><img loading=\"lazy\" decoding=\"async\" width=\"2560\" height=\"1920\" src=\"https:\/\/kuechenstudio-haeuptle.de\/wp-content\/uploads\/2020\/05\/Miele-Largo-Zebrano-Details-scaled.jpg\" alt=\"\" data-id=\"262\" data-full-url=\"https:\/\/kuechenstudio-haeuptle.de\/wp-content\/uploads\/2020\/05\/Miele-Largo-Zebrano-Details-scaled.jpg\" data-link=\"https:\/\/kuechenstudio-haeuptle.de\/?attachment_id=262\" class=\"wp-image-262\" srcset=\"https:\/\/kuechenstudio-haeuptle.de\/wp-content\/uploads\/2020\/05\/Miele-Largo-Zebrano-Details-scaled.jpg 2560w, https:\/\/kuechenstudio-haeuptle.de\/wp-content\/uploads\/2020\/05\/Miele-Largo-Zebrano-Details-300x225.jpg 300w, https:\/\/kuechenstudio-haeuptle.de\/wp-content\/uploads\/2020\/05\/Miele-Largo-Zebrano-Details-1024x768.jpg 1024w, https:\/\/kuechenstudio-haeuptle.de\/wp-content\/uploads\/2020\/05\/Miele-Largo-Zebrano-Details-768x576.jpg 768w, https:\/\/kuechenstudio-haeuptle.de\/wp-content\/uploads\/2020\/05\/Miele-Largo-Zebrano-Details-1536x1152.jpg 1536w, https:\/\/kuechenstudio-haeuptle.de\/wp-content\/uploads\/2020\/05\/Miele-Largo-Zebrano-Details-2048x1536.jpg 2048w\" sizes=\"auto, (max-width: 706px) 89vw, (max-width: 767px) 82vw, 740px\" \/><\/a><\/figure><\/li><li class=\"blocks-gallery-item\"><figure><a href=\"https:\/\/kuechenstudio-haeuptle.de\/wp-content\/uploads\/2020\/05\/Miele-Largo-Zebrano-Gera\u0308te.-scaled.jpg\"><img loading=\"lazy\" decoding=\"async\" width=\"1920\" height=\"2560\" src=\"https:\/\/kuechenstudio-haeuptle.de\/wp-content\/uploads\/2020\/05\/Miele-Largo-Zebrano-Gera\u0308te.-scaled.jpg\" alt=\"\" data-id=\"263\" data-full-url=\"https:\/\/kuechenstudio-haeuptle.de\/wp-content\/uploads\/2020\/05\/Miele-Largo-Zebrano-Gera\u0308te.-scaled.jpg\" data-link=\"https:\/\/kuechenstudio-haeuptle.de\/?attachment_id=263\" class=\"wp-image-263\" srcset=\"https:\/\/kuechenstudio-haeuptle.de\/wp-content\/uploads\/2020\/05\/Miele-Largo-Zebrano-Gera\u0308te.-scaled.jpg 1920w, https:\/\/kuechenstudio-haeuptle.de\/wp-content\/uploads\/2020\/05\/Miele-Largo-Zebrano-Gera\u0308te.-225x300.jpg 225w, https:\/\/kuechenstudio-haeuptle.de\/wp-content\/uploads\/2020\/05\/Miele-Largo-Zebrano-Gera\u0308te.-768x1024.jpg 768w, https:\/\/kuechenstudio-haeuptle.de\/wp-content\/uploads\/2020\/05\/Miele-Largo-Zebrano-Gera\u0308te.-1152x1536.jpg 1152w, https:\/\/kuechenstudio-haeuptle.de\/wp-content\/uploads\/2020\/05\/Miele-Largo-Zebrano-Gera\u0308te.-1536x2048.jpg 1536w\" sizes=\"auto, (max-width: 706px) 89vw, (max-width: 767px) 82vw, 740px\" \/><\/a><\/figure><\/li><li class=\"blocks-gallery-item\"><figure><a href=\"https:\/\/kuechenstudio-haeuptle.de\/wp-content\/uploads\/2020\/05\/Miele-Weintemperierschrank-scaled.jpg\"><img loading=\"lazy\" decoding=\"async\" width=\"1920\" height=\"2560\" src=\"https:\/\/kuechenstudio-haeuptle.de\/wp-content\/uploads\/2020\/05\/Miele-Weintemperierschrank-scaled.jpg\" alt=\"\" data-id=\"264\" data-full-url=\"https:\/\/kuechenstudio-haeuptle.de\/wp-content\/uploads\/2020\/05\/Miele-Weintemperierschrank-scaled.jpg\" data-link=\"https:\/\/kuechenstudio-haeuptle.de\/?attachment_id=264\" class=\"wp-image-264\" srcset=\"https:\/\/kuechenstudio-haeuptle.de\/wp-content\/uploads\/2020\/05\/Miele-Weintemperierschrank-scaled.jpg 1920w, https:\/\/kuechenstudio-haeuptle.de\/wp-content\/uploads\/2020\/05\/Miele-Weintemperierschrank-225x300.jpg 225w, https:\/\/kuechenstudio-haeuptle.de\/wp-content\/uploads\/2020\/05\/Miele-Weintemperierschrank-768x1024.jpg 768w, https:\/\/kuechenstudio-haeuptle.de\/wp-content\/uploads\/2020\/05\/Miele-Weintemperierschrank-1152x1536.jpg 1152w, https:\/\/kuechenstudio-haeuptle.de\/wp-content\/uploads\/2020\/05\/Miele-Weintemperierschrank-1536x2048.jpg 1536w\" sizes=\"auto, (max-width: 706px) 89vw, (max-width: 767px) 82vw, 740px\" \/><\/a><\/figure><\/li><\/ul><\/figure>\n","protected":false},"excerpt":{"rendered":"<p>Funktionsk\u00fcche Largo Zebrano Hochglanz Magnolie F\u00fcr Kochevents, Ger\u00e4tevorf\u00fchrungen und Veranstaltungen. Regelm\u00e4\u00dfig bieten wir Ger\u00e4tevorf\u00fchrungen und Kochevents an, um Ihnen die neuesten Trends im Bereich K\u00fcchen vorzuf\u00fchren. Das gesellige Beisammensein mit gutem Essen und Wein geh\u00f6ren da nat\u00fcrlich auch dazu. Auf unserer Website informieren wir Sie, wenn neue Termine anstehen.<\/p>\n","protected":false},"author":1,"featured_media":0,"parent":28,"menu_order":0,"comment_status":"closed","ping_status":"closed","template":"","meta":{"footnotes":""},"class_list":["post-256","page","type-page","status-publish","hentry"],"_links":{"self":[{"href":"https:\/\/kuechenstudio-haeuptle.de\/index.php?rest_route=\/wp\/v2\/pages\/256","targetHints":{"allow":["GET"]}}],"collection":[{"href":"https:\/\/kuechenstudio-haeuptle.de\/index.php?rest_route=\/wp\/v2\/pages"}],"about":[{"href":"https:\/\/kuechenstudio-haeuptle.de\/index.php?rest_route=\/wp\/v2\/types\/page"}],"author":[{"embeddable":true,"href":"https:\/\/kuechenstudio-haeuptle.de\/index.php?rest_route=\/wp\/v2\/users\/1"}],"replies":[{"embeddable":true,"href":"https:\/\/kuechenstudio-haeuptle.de\/index.php?rest_route=%2Fwp%2Fv2%2Fcomments&post=256"}],"version-history":[{"count":1,"href":"https:\/\/kuechenstudio-haeuptle.de\/index.php?rest_route=\/wp\/v2\/pages\/256\/revisions"}],"predecessor-version":[{"id":265,"href":"https:\/\/kuechenstudio-haeuptle.de\/index.php?rest_route=\/wp\/v2\/pages\/256\/revisions\/265"}],"up":[{"embeddable":true,"href":"https:\/\/kuechenstudio-haeuptle.de\/index.php?rest_route=\/wp\/v2\/pages\/28"}],"wp:attachment":[{"href":"https:\/\/kuechenstudio-haeuptle.de\/index.php?rest_route=%2Fwp%2Fv2%2Fmedia&parent=256"}],"curies":[{"name":"wp","href":"https:\/\/api.w.org\/{rel}","templated":true}]}}