{"id":509,"date":"2020-05-23T16:13:59","date_gmt":"2020-05-23T16:13:59","guid":{"rendered":"https:\/\/kuechenstudio-haeuptle.de\/?page_id=509"},"modified":"2020-05-23T16:17:48","modified_gmt":"2020-05-23T16:17:48","slug":"beratung-und-musterkollektion","status":"publish","type":"page","link":"https:\/\/kuechenstudio-haeuptle.de\/?page_id=509","title":{"rendered":"Beratung und Musterkollektion"},"content":{"rendered":"\n<div class=\"wp-block-columns is-layout-flex wp-container-core-columns-is-layout-9d6595d7 wp-block-columns-is-layout-flex\">\n<div class=\"wp-block-column is-layout-flow wp-block-column-is-layout-flow\" style=\"flex-basis:33.33%\">\n<p>An unserem Beratungsplatz erfahren Sie bei einer Tasse Kaffee alles Wissenswerte zu Ihrer neuen K\u00fcche und k\u00f6nnen Ihre W\u00fcnsche zudem direkt von Karl H\u00e4uptle visualisieren lassen.<\/p>\n\n\n\n<p>Die verschiedenen Arbeitsplatten und Fronten k\u00f6nnen Sie in unserer Musterkollektion unter verschiedenen Lichtverh\u00e4ltnissen genau unter die Lupe nehmen. <\/p>\n\n\n\n<p><\/p>\n<\/div>\n\n\n\n<div class=\"wp-block-column is-layout-flow wp-block-column-is-layout-flow\" style=\"flex-basis:66.66%\">\n<figure class=\"wp-block-image size-large\"><img loading=\"lazy\" decoding=\"async\" width=\"768\" height=\"1024\" src=\"https:\/\/kuechenstudio-haeuptle.de\/wp-content\/uploads\/2020\/05\/beratungsr_01-768x1024.jpg\" alt=\"\" class=\"wp-image-510\" srcset=\"https:\/\/kuechenstudio-haeuptle.de\/wp-content\/uploads\/2020\/05\/beratungsr_01-768x1024.jpg 768w, https:\/\/kuechenstudio-haeuptle.de\/wp-content\/uploads\/2020\/05\/beratungsr_01-225x300.jpg 225w, https:\/\/kuechenstudio-haeuptle.de\/wp-content\/uploads\/2020\/05\/beratungsr_01-1152x1536.jpg 1152w, https:\/\/kuechenstudio-haeuptle.de\/wp-content\/uploads\/2020\/05\/beratungsr_01.jpg 1500w\" sizes=\"auto, (max-width: 706px) 89vw, (max-width: 767px) 82vw, 740px\" \/><figcaption>OLYMPUS DIGITAL CAMERA<\/figcaption><\/figure>\n<\/div>\n<\/div>\n\n\n\n<figure class=\"wp-block-gallery columns-2 is-cropped wp-block-gallery-1 is-layout-flex wp-block-gallery-is-layout-flex\"><ul class=\"blocks-gallery-grid\"><li class=\"blocks-gallery-item\"><figure><a href=\"https:\/\/kuechenstudio-haeuptle.de\/wp-content\/uploads\/2020\/05\/2-scaled.jpg\"><img loading=\"lazy\" decoding=\"async\" width=\"2560\" height=\"1707\" src=\"https:\/\/kuechenstudio-haeuptle.de\/wp-content\/uploads\/2020\/05\/2-scaled.jpg\" alt=\"\" data-id=\"511\" data-full-url=\"https:\/\/kuechenstudio-haeuptle.de\/wp-content\/uploads\/2020\/05\/2-scaled.jpg\" data-link=\"https:\/\/kuechenstudio-haeuptle.de\/?attachment_id=511\" class=\"wp-image-511\" srcset=\"https:\/\/kuechenstudio-haeuptle.de\/wp-content\/uploads\/2020\/05\/2-scaled.jpg 2560w, https:\/\/kuechenstudio-haeuptle.de\/wp-content\/uploads\/2020\/05\/2-300x200.jpg 300w, https:\/\/kuechenstudio-haeuptle.de\/wp-content\/uploads\/2020\/05\/2-1024x683.jpg 1024w, https:\/\/kuechenstudio-haeuptle.de\/wp-content\/uploads\/2020\/05\/2-768x512.jpg 768w, https:\/\/kuechenstudio-haeuptle.de\/wp-content\/uploads\/2020\/05\/2-1536x1024.jpg 1536w, https:\/\/kuechenstudio-haeuptle.de\/wp-content\/uploads\/2020\/05\/2-2048x1365.jpg 2048w\" sizes=\"auto, (max-width: 706px) 89vw, (max-width: 767px) 82vw, 740px\" \/><\/a><\/figure><\/li><li class=\"blocks-gallery-item\"><figure><a href=\"https:\/\/kuechenstudio-haeuptle.de\/wp-content\/uploads\/2020\/05\/DSC_0254-scaled.jpg\"><img loading=\"lazy\" decoding=\"async\" width=\"1707\" height=\"2560\" src=\"https:\/\/kuechenstudio-haeuptle.de\/wp-content\/uploads\/2020\/05\/DSC_0254-scaled.jpg\" alt=\"\" data-id=\"512\" data-full-url=\"https:\/\/kuechenstudio-haeuptle.de\/wp-content\/uploads\/2020\/05\/DSC_0254-scaled.jpg\" data-link=\"https:\/\/kuechenstudio-haeuptle.de\/?attachment_id=512\" class=\"wp-image-512\" srcset=\"https:\/\/kuechenstudio-haeuptle.de\/wp-content\/uploads\/2020\/05\/DSC_0254-scaled.jpg 1707w, https:\/\/kuechenstudio-haeuptle.de\/wp-content\/uploads\/2020\/05\/DSC_0254-200x300.jpg 200w, https:\/\/kuechenstudio-haeuptle.de\/wp-content\/uploads\/2020\/05\/DSC_0254-683x1024.jpg 683w, https:\/\/kuechenstudio-haeuptle.de\/wp-content\/uploads\/2020\/05\/DSC_0254-768x1152.jpg 768w, https:\/\/kuechenstudio-haeuptle.de\/wp-content\/uploads\/2020\/05\/DSC_0254-1024x1536.jpg 1024w, https:\/\/kuechenstudio-haeuptle.de\/wp-content\/uploads\/2020\/05\/DSC_0254-1365x2048.jpg 1365w\" sizes=\"auto, (max-width: 706px) 89vw, (max-width: 767px) 82vw, 740px\" \/><\/a><\/figure><\/li><li class=\"blocks-gallery-item\"><figure><a href=\"https:\/\/kuechenstudio-haeuptle.de\/wp-content\/uploads\/2020\/05\/muster-scaled.jpg\"><img loading=\"lazy\" decoding=\"async\" width=\"2560\" height=\"1707\" src=\"https:\/\/kuechenstudio-haeuptle.de\/wp-content\/uploads\/2020\/05\/muster-scaled.jpg\" alt=\"\" data-id=\"513\" data-full-url=\"https:\/\/kuechenstudio-haeuptle.de\/wp-content\/uploads\/2020\/05\/muster-scaled.jpg\" data-link=\"https:\/\/kuechenstudio-haeuptle.de\/?attachment_id=513\" class=\"wp-image-513\" srcset=\"https:\/\/kuechenstudio-haeuptle.de\/wp-content\/uploads\/2020\/05\/muster-scaled.jpg 2560w, https:\/\/kuechenstudio-haeuptle.de\/wp-content\/uploads\/2020\/05\/muster-300x200.jpg 300w, https:\/\/kuechenstudio-haeuptle.de\/wp-content\/uploads\/2020\/05\/muster-1024x683.jpg 1024w, https:\/\/kuechenstudio-haeuptle.de\/wp-content\/uploads\/2020\/05\/muster-768x512.jpg 768w, https:\/\/kuechenstudio-haeuptle.de\/wp-content\/uploads\/2020\/05\/muster-1536x1024.jpg 1536w, https:\/\/kuechenstudio-haeuptle.de\/wp-content\/uploads\/2020\/05\/muster-2048x1365.jpg 2048w\" sizes=\"auto, (max-width: 706px) 89vw, (max-width: 767px) 82vw, 740px\" \/><\/a><\/figure><\/li><li class=\"blocks-gallery-item\"><figure><a href=\"https:\/\/kuechenstudio-haeuptle.de\/wp-content\/uploads\/2020\/05\/DSC_0261-scaled.jpg\"><img loading=\"lazy\" decoding=\"async\" width=\"2560\" height=\"1707\" src=\"https:\/\/kuechenstudio-haeuptle.de\/wp-content\/uploads\/2020\/05\/DSC_0261-scaled.jpg\" alt=\"\" data-id=\"506\" data-full-url=\"https:\/\/kuechenstudio-haeuptle.de\/wp-content\/uploads\/2020\/05\/DSC_0261-scaled.jpg\" data-link=\"https:\/\/kuechenstudio-haeuptle.de\/?attachment_id=506\" class=\"wp-image-506\" srcset=\"https:\/\/kuechenstudio-haeuptle.de\/wp-content\/uploads\/2020\/05\/DSC_0261-scaled.jpg 2560w, https:\/\/kuechenstudio-haeuptle.de\/wp-content\/uploads\/2020\/05\/DSC_0261-300x200.jpg 300w, https:\/\/kuechenstudio-haeuptle.de\/wp-content\/uploads\/2020\/05\/DSC_0261-1024x683.jpg 1024w, https:\/\/kuechenstudio-haeuptle.de\/wp-content\/uploads\/2020\/05\/DSC_0261-768x512.jpg 768w, https:\/\/kuechenstudio-haeuptle.de\/wp-content\/uploads\/2020\/05\/DSC_0261-1536x1024.jpg 1536w, https:\/\/kuechenstudio-haeuptle.de\/wp-content\/uploads\/2020\/05\/DSC_0261-2048x1365.jpg 2048w\" sizes=\"auto, (max-width: 706px) 89vw, (max-width: 767px) 82vw, 740px\" \/><\/a><\/figure><\/li><li class=\"blocks-gallery-item\"><figure><a href=\"https:\/\/kuechenstudio-haeuptle.de\/wp-content\/uploads\/2020\/05\/DSC_0312-scaled.jpg\"><img loading=\"lazy\" decoding=\"async\" width=\"2560\" height=\"1707\" src=\"https:\/\/kuechenstudio-haeuptle.de\/wp-content\/uploads\/2020\/05\/DSC_0312-scaled.jpg\" alt=\"\" data-id=\"516\" data-full-url=\"https:\/\/kuechenstudio-haeuptle.de\/wp-content\/uploads\/2020\/05\/DSC_0312-scaled.jpg\" data-link=\"https:\/\/kuechenstudio-haeuptle.de\/?attachment_id=516\" class=\"wp-image-516\" srcset=\"https:\/\/kuechenstudio-haeuptle.de\/wp-content\/uploads\/2020\/05\/DSC_0312-scaled.jpg 2560w, https:\/\/kuechenstudio-haeuptle.de\/wp-content\/uploads\/2020\/05\/DSC_0312-300x200.jpg 300w, https:\/\/kuechenstudio-haeuptle.de\/wp-content\/uploads\/2020\/05\/DSC_0312-1024x683.jpg 1024w, https:\/\/kuechenstudio-haeuptle.de\/wp-content\/uploads\/2020\/05\/DSC_0312-768x512.jpg 768w, https:\/\/kuechenstudio-haeuptle.de\/wp-content\/uploads\/2020\/05\/DSC_0312-1536x1024.jpg 1536w, https:\/\/kuechenstudio-haeuptle.de\/wp-content\/uploads\/2020\/05\/DSC_0312-2048x1365.jpg 2048w\" sizes=\"auto, (max-width: 706px) 89vw, (max-width: 767px) 82vw, 740px\" \/><\/a><\/figure><\/li><li class=\"blocks-gallery-item\"><figure><a href=\"https:\/\/kuechenstudio-haeuptle.de\/wp-content\/uploads\/2020\/05\/DSC_0315-scaled.jpg\"><img loading=\"lazy\" decoding=\"async\" width=\"2560\" height=\"1707\" src=\"https:\/\/kuechenstudio-haeuptle.de\/wp-content\/uploads\/2020\/05\/DSC_0315-scaled.jpg\" alt=\"\" data-id=\"517\" data-full-url=\"https:\/\/kuechenstudio-haeuptle.de\/wp-content\/uploads\/2020\/05\/DSC_0315-scaled.jpg\" data-link=\"https:\/\/kuechenstudio-haeuptle.de\/?attachment_id=517\" class=\"wp-image-517\" srcset=\"https:\/\/kuechenstudio-haeuptle.de\/wp-content\/uploads\/2020\/05\/DSC_0315-scaled.jpg 2560w, https:\/\/kuechenstudio-haeuptle.de\/wp-content\/uploads\/2020\/05\/DSC_0315-300x200.jpg 300w, https:\/\/kuechenstudio-haeuptle.de\/wp-content\/uploads\/2020\/05\/DSC_0315-1024x683.jpg 1024w, https:\/\/kuechenstudio-haeuptle.de\/wp-content\/uploads\/2020\/05\/DSC_0315-768x512.jpg 768w, https:\/\/kuechenstudio-haeuptle.de\/wp-content\/uploads\/2020\/05\/DSC_0315-1536x1024.jpg 1536w, https:\/\/kuechenstudio-haeuptle.de\/wp-content\/uploads\/2020\/05\/DSC_0315-2048x1365.jpg 2048w\" sizes=\"auto, (max-width: 706px) 89vw, (max-width: 767px) 82vw, 740px\" \/><\/a><\/figure><\/li><li class=\"blocks-gallery-item\"><figure><a href=\"https:\/\/kuechenstudio-haeuptle.de\/wp-content\/uploads\/2020\/05\/Granitmuster-scaled.jpg\"><img loading=\"lazy\" decoding=\"async\" width=\"1920\" height=\"2560\" src=\"https:\/\/kuechenstudio-haeuptle.de\/wp-content\/uploads\/2020\/05\/Granitmuster-scaled.jpg\" alt=\"\" data-id=\"518\" data-full-url=\"https:\/\/kuechenstudio-haeuptle.de\/wp-content\/uploads\/2020\/05\/Granitmuster-scaled.jpg\" data-link=\"https:\/\/kuechenstudio-haeuptle.de\/?attachment_id=518\" class=\"wp-image-518\" srcset=\"https:\/\/kuechenstudio-haeuptle.de\/wp-content\/uploads\/2020\/05\/Granitmuster-scaled.jpg 1920w, https:\/\/kuechenstudio-haeuptle.de\/wp-content\/uploads\/2020\/05\/Granitmuster-225x300.jpg 225w, https:\/\/kuechenstudio-haeuptle.de\/wp-content\/uploads\/2020\/05\/Granitmuster-768x1024.jpg 768w, https:\/\/kuechenstudio-haeuptle.de\/wp-content\/uploads\/2020\/05\/Granitmuster-1152x1536.jpg 1152w, https:\/\/kuechenstudio-haeuptle.de\/wp-content\/uploads\/2020\/05\/Granitmuster-1536x2048.jpg 1536w\" sizes=\"auto, (max-width: 706px) 89vw, (max-width: 767px) 82vw, 740px\" \/><\/a><\/figure><\/li><li class=\"blocks-gallery-item\"><figure><a href=\"https:\/\/kuechenstudio-haeuptle.de\/wp-content\/uploads\/2020\/05\/DSC_0252-scaled.jpg\"><img loading=\"lazy\" decoding=\"async\" width=\"1707\" height=\"2560\" src=\"https:\/\/kuechenstudio-haeuptle.de\/wp-content\/uploads\/2020\/05\/DSC_0252-scaled.jpg\" alt=\"\" data-id=\"519\" data-full-url=\"https:\/\/kuechenstudio-haeuptle.de\/wp-content\/uploads\/2020\/05\/DSC_0252-scaled.jpg\" data-link=\"https:\/\/kuechenstudio-haeuptle.de\/?attachment_id=519\" class=\"wp-image-519\" srcset=\"https:\/\/kuechenstudio-haeuptle.de\/wp-content\/uploads\/2020\/05\/DSC_0252-scaled.jpg 1707w, https:\/\/kuechenstudio-haeuptle.de\/wp-content\/uploads\/2020\/05\/DSC_0252-200x300.jpg 200w, https:\/\/kuechenstudio-haeuptle.de\/wp-content\/uploads\/2020\/05\/DSC_0252-683x1024.jpg 683w, https:\/\/kuechenstudio-haeuptle.de\/wp-content\/uploads\/2020\/05\/DSC_0252-768x1152.jpg 768w, https:\/\/kuechenstudio-haeuptle.de\/wp-content\/uploads\/2020\/05\/DSC_0252-1024x1536.jpg 1024w, https:\/\/kuechenstudio-haeuptle.de\/wp-content\/uploads\/2020\/05\/DSC_0252-1365x2048.jpg 1365w\" sizes=\"auto, (max-width: 706px) 89vw, (max-width: 767px) 82vw, 740px\" \/><\/a><\/figure><\/li><\/ul><\/figure>\n","protected":false},"excerpt":{"rendered":"<p>An unserem Beratungsplatz erfahren Sie bei einer Tasse Kaffee alles Wissenswerte zu Ihrer neuen K\u00fcche und k\u00f6nnen Ihre W\u00fcnsche zudem direkt von Karl H\u00e4uptle visualisieren lassen. Die verschiedenen Arbeitsplatten und Fronten k\u00f6nnen Sie in unserer Musterkollektion unter verschiedenen Lichtverh\u00e4ltnissen genau unter die Lupe nehmen.<\/p>\n","protected":false},"author":1,"featured_media":0,"parent":28,"menu_order":0,"comment_status":"closed","ping_status":"closed","template":"","meta":{"footnotes":""},"class_list":["post-509","page","type-page","status-publish","hentry"],"_links":{"self":[{"href":"https:\/\/kuechenstudio-haeuptle.de\/index.php?rest_route=\/wp\/v2\/pages\/509","targetHints":{"allow":["GET"]}}],"collection":[{"href":"https:\/\/kuechenstudio-haeuptle.de\/index.php?rest_route=\/wp\/v2\/pages"}],"about":[{"href":"https:\/\/kuechenstudio-haeuptle.de\/index.php?rest_route=\/wp\/v2\/types\/page"}],"author":[{"embeddable":true,"href":"https:\/\/kuechenstudio-haeuptle.de\/index.php?rest_route=\/wp\/v2\/users\/1"}],"replies":[{"embeddable":true,"href":"https:\/\/kuechenstudio-haeuptle.de\/index.php?rest_route=%2Fwp%2Fv2%2Fcomments&post=509"}],"version-history":[{"count":2,"href":"https:\/\/kuechenstudio-haeuptle.de\/index.php?rest_route=\/wp\/v2\/pages\/509\/revisions"}],"predecessor-version":[{"id":521,"href":"https:\/\/kuechenstudio-haeuptle.de\/index.php?rest_route=\/wp\/v2\/pages\/509\/revisions\/521"}],"up":[{"embeddable":true,"href":"https:\/\/kuechenstudio-haeuptle.de\/index.php?rest_route=\/wp\/v2\/pages\/28"}],"wp:attachment":[{"href":"https:\/\/kuechenstudio-haeuptle.de\/index.php?rest_route=%2Fwp%2Fv2%2Fmedia&parent=509"}],"curies":[{"name":"wp","href":"https:\/\/api.w.org\/{rel}","templated":true}]}}