{"id":76,"date":"2020-05-11T15:34:00","date_gmt":"2020-05-11T15:34:00","guid":{"rendered":"https:\/\/kuechenstudio-haeuptle.de\/?page_id=76"},"modified":"2020-07-24T09:37:31","modified_gmt":"2020-07-24T09:37:31","slug":"service","status":"publish","type":"page","link":"https:\/\/kuechenstudio-haeuptle.de\/?page_id=76","title":{"rendered":"Leistungen"},"content":{"rendered":"\n<p>Der Weg zu Ihrer neuen K\u00fcche ist mehr als nur der Kauf. So geh\u00f6ren umfassende Beratungsleistungen, realit\u00e4tsgetreue Planungen, eine fachgerechte Montage sowie eine umfassende Einweisung ebenfalls dazu. Wir bieten Ihnen diese und weitere Leistungen aus einer Hand. So k\u00f6nnen Sie sicher sein, dass Ihre W\u00fcnsche bestm\u00f6glich ungesetzt werden.<\/p>\n\n\n\n<div style=\"height:100px\" aria-hidden=\"true\" class=\"wp-block-spacer\"><\/div>\n\n\n\n<div class=\"wp-block-media-text alignwide\" style=\"grid-template-columns:27% auto\"><figure class=\"wp-block-media-text__media\"><img loading=\"lazy\" decoding=\"async\" width=\"1024\" height=\"1020\" src=\"https:\/\/kuechenstudio-haeuptle.de\/wp-content\/uploads\/2020\/07\/Beratung-1024x1020.png\" alt=\"\" class=\"wp-image-531\" srcset=\"https:\/\/kuechenstudio-haeuptle.de\/wp-content\/uploads\/2020\/07\/Beratung-1024x1020.png 1024w, https:\/\/kuechenstudio-haeuptle.de\/wp-content\/uploads\/2020\/07\/Beratung-300x300.png 300w, https:\/\/kuechenstudio-haeuptle.de\/wp-content\/uploads\/2020\/07\/Beratung-150x150.png 150w, https:\/\/kuechenstudio-haeuptle.de\/wp-content\/uploads\/2020\/07\/Beratung-768x765.png 768w, https:\/\/kuechenstudio-haeuptle.de\/wp-content\/uploads\/2020\/07\/Beratung-100x100.png 100w, https:\/\/kuechenstudio-haeuptle.de\/wp-content\/uploads\/2020\/07\/Beratung.png 1087w\" sizes=\"auto, (max-width: 706px) 89vw, (max-width: 767px) 82vw, 740px\" \/><\/figure><div class=\"wp-block-media-text__content\">\n<h2 class=\"has-text-color wp-block-heading\" style=\"color:#82be4c\">Beratung<\/h2>\n\n\n\n<p class=\"has-normal-font-size\">Inhaber Karl H\u00e4uptle ber\u00e4t Sie pers\u00f6nlich, welche M\u00f6glichkeiten sich entsprechend Ihrer Vorstellungen und Ihres Budgets realisieren lassen. Anhand von Fragen und Gespr\u00e4chen ermitteln wir Ihre W\u00fcnsche und Bed\u00fcrfnisse in unseren Gesch\u00e4ftsr\u00e4umen oder bei Ihnen zuhause. Erste Ideen finden Sie zudem in unseren Ausstellungsr\u00e4umen.<\/p>\n<\/div><\/div>\n\n\n\n<div style=\"height:100px\" aria-hidden=\"true\" class=\"wp-block-spacer\"><\/div>\n\n\n\n<p><\/p>\n\n\n\n<div class=\"wp-block-media-text alignwide has-media-on-the-right\" style=\"grid-template-columns:auto 21%\"><figure class=\"wp-block-media-text__media\"><img loading=\"lazy\" decoding=\"async\" width=\"512\" height=\"528\" src=\"https:\/\/kuechenstudio-haeuptle.de\/wp-content\/uploads\/2020\/05\/Sketches-25.png\" alt=\"\" class=\"wp-image-372\" srcset=\"https:\/\/kuechenstudio-haeuptle.de\/wp-content\/uploads\/2020\/05\/Sketches-25.png 512w, https:\/\/kuechenstudio-haeuptle.de\/wp-content\/uploads\/2020\/05\/Sketches-25-291x300.png 291w\" sizes=\"auto, (max-width: 512px) 100vw, 512px\" \/><\/figure><div class=\"wp-block-media-text__content\">\n<h2 class=\"has-text-color wp-block-heading\" style=\"color:#82be4c\">Planung<\/h2>\n\n\n\n<p>Anschlie\u00dfend erstellt Karl H\u00e4uptle gemeinsam mit Ihnen eine realit\u00e4tsgetreue CAD-Planung in 3D. Sie haben die M\u00f6glichkeit, aus zahlreichen Optionen zu w\u00e4hlen, um Ihre ma\u00dfgeschneiderte und v\u00f6llig individuelle K\u00fcche zu kreieren. Bevor es an die Bestellung geht, kommen wir zu Ihnen nach Hause, um Ihr Objekt zu vermessen und Installationspl\u00e4ne zu erstellen.<\/p>\n<\/div><\/div>\n\n\n\n<div style=\"height:100px\" aria-hidden=\"true\" class=\"wp-block-spacer\"><\/div>\n\n\n\n<div class=\"wp-block-media-text alignwide\" style=\"grid-template-columns:22% auto\"><figure class=\"wp-block-media-text__media\"><img loading=\"lazy\" decoding=\"async\" width=\"668\" height=\"666\" src=\"https:\/\/kuechenstudio-haeuptle.de\/wp-content\/uploads\/2020\/05\/Sketches-22-1.png\" alt=\"\" class=\"wp-image-371\" srcset=\"https:\/\/kuechenstudio-haeuptle.de\/wp-content\/uploads\/2020\/05\/Sketches-22-1.png 668w, https:\/\/kuechenstudio-haeuptle.de\/wp-content\/uploads\/2020\/05\/Sketches-22-1-300x300.png 300w, https:\/\/kuechenstudio-haeuptle.de\/wp-content\/uploads\/2020\/05\/Sketches-22-1-150x150.png 150w, https:\/\/kuechenstudio-haeuptle.de\/wp-content\/uploads\/2020\/05\/Sketches-22-1-100x100.png 100w\" sizes=\"auto, (max-width: 668px) 100vw, 668px\" \/><\/figure><div class=\"wp-block-media-text__content\">\n<h2 class=\"has-text-color wp-block-heading\" style=\"color:#82be4c\">Montage<\/h2>\n\n\n\n<p>Danach wird Ihre ma\u00dfgeschneiderte K\u00fcche in Deutschland gefertig. Dieser Vorgang nimmt ca. 4 bis 8 Wochen Zeit in Anspruch &#8211; je nach Ausf\u00fchrung der K\u00fcche. Anschlie\u00dfend nehmen unsere  ausgebildeten Schreiner die fachgerechte Montage Ihrer K\u00fcche vor.<\/p>\n<\/div><\/div>\n\n\n\n<div style=\"height:100px\" aria-hidden=\"true\" class=\"wp-block-spacer\"><\/div>\n\n\n\n<div class=\"wp-block-media-text alignwide has-media-on-the-right\" style=\"grid-template-columns:auto 19%\"><figure class=\"wp-block-media-text__media\"><img loading=\"lazy\" decoding=\"async\" width=\"1024\" height=\"1020\" src=\"https:\/\/kuechenstudio-haeuptle.de\/wp-content\/uploads\/2020\/05\/Einweisung-1024x1020.png\" alt=\"\" class=\"wp-image-81\" srcset=\"https:\/\/kuechenstudio-haeuptle.de\/wp-content\/uploads\/2020\/05\/Einweisung-1024x1020.png 1024w, https:\/\/kuechenstudio-haeuptle.de\/wp-content\/uploads\/2020\/05\/Einweisung-300x300.png 300w, https:\/\/kuechenstudio-haeuptle.de\/wp-content\/uploads\/2020\/05\/Einweisung-150x150.png 150w, https:\/\/kuechenstudio-haeuptle.de\/wp-content\/uploads\/2020\/05\/Einweisung-768x765.png 768w, https:\/\/kuechenstudio-haeuptle.de\/wp-content\/uploads\/2020\/05\/Einweisung-100x100.png 100w, https:\/\/kuechenstudio-haeuptle.de\/wp-content\/uploads\/2020\/05\/Einweisung.png 1087w\" sizes=\"auto, (max-width: 706px) 89vw, (max-width: 767px) 82vw, 740px\" \/><\/figure><div class=\"wp-block-media-text__content\">\n<h2 class=\"has-text-color wp-block-heading\" style=\"color:#82be4c\">Einweisung<\/h2>\n\n\n\n<p>Im Anschluss erhalten Sie eine Einweisung in die neuen Ger\u00e4te Ihrer K\u00fcche. Mehrmals im Jahr bieten wir zudem Kochveranstaltungen an, bei denen Sie neue Ger\u00e4te im Voraus und unter Anleitung von Profik\u00f6chen testen k\u00f6nnen<strong>.<\/strong><\/p>\n<\/div><\/div>\n\n\n\n<div style=\"height:100px\" aria-hidden=\"true\" class=\"wp-block-spacer\"><\/div>\n\n\n\n<div class=\"wp-block-media-text alignwide\" style=\"grid-template-columns:18% auto\"><figure class=\"wp-block-media-text__media\"><img loading=\"lazy\" decoding=\"async\" width=\"1024\" height=\"1020\" src=\"https:\/\/kuechenstudio-haeuptle.de\/wp-content\/uploads\/2020\/05\/Modernisierung_neu-1024x1020.png\" alt=\"\" class=\"wp-image-82\" srcset=\"https:\/\/kuechenstudio-haeuptle.de\/wp-content\/uploads\/2020\/05\/Modernisierung_neu-1024x1020.png 1024w, https:\/\/kuechenstudio-haeuptle.de\/wp-content\/uploads\/2020\/05\/Modernisierung_neu-300x300.png 300w, https:\/\/kuechenstudio-haeuptle.de\/wp-content\/uploads\/2020\/05\/Modernisierung_neu-150x150.png 150w, https:\/\/kuechenstudio-haeuptle.de\/wp-content\/uploads\/2020\/05\/Modernisierung_neu-768x765.png 768w, https:\/\/kuechenstudio-haeuptle.de\/wp-content\/uploads\/2020\/05\/Modernisierung_neu-100x100.png 100w, https:\/\/kuechenstudio-haeuptle.de\/wp-content\/uploads\/2020\/05\/Modernisierung_neu.png 1087w\" sizes=\"auto, (max-width: 706px) 89vw, (max-width: 767px) 82vw, 740px\" \/><\/figure><div class=\"wp-block-media-text__content\">\n<h2 class=\"has-text-color wp-block-heading\" style=\"color:#82be4c\">Modernisierung<\/h2>\n\n\n\n<p>Dar\u00fcber hinaus k\u00f6nnen wir auch Ihrer alten K\u00fcche ein neues Gesicht verleihen, z. B. durch neue Arbeitsplatten und Fronten, den Austausch von Elektroger\u00e4ten oder mit modernen Sp\u00fclen und Mischbatterien.<\/p>\n<\/div><\/div>\n\n\n\n<div style=\"height:100px\" aria-hidden=\"true\" class=\"wp-block-spacer\"><\/div>\n\n\n\n<div class=\"wp-block-media-text alignwide has-media-on-the-right\" style=\"grid-template-columns:auto 21%\"><figure class=\"wp-block-media-text__media\"><img loading=\"lazy\" decoding=\"async\" width=\"1024\" height=\"1020\" src=\"https:\/\/kuechenstudio-haeuptle.de\/wp-content\/uploads\/2020\/05\/Projekte-1024x1020.png\" alt=\"\" class=\"wp-image-83\" srcset=\"https:\/\/kuechenstudio-haeuptle.de\/wp-content\/uploads\/2020\/05\/Projekte-1024x1020.png 1024w, https:\/\/kuechenstudio-haeuptle.de\/wp-content\/uploads\/2020\/05\/Projekte-300x300.png 300w, https:\/\/kuechenstudio-haeuptle.de\/wp-content\/uploads\/2020\/05\/Projekte-150x150.png 150w, https:\/\/kuechenstudio-haeuptle.de\/wp-content\/uploads\/2020\/05\/Projekte-768x765.png 768w, https:\/\/kuechenstudio-haeuptle.de\/wp-content\/uploads\/2020\/05\/Projekte-100x100.png 100w, https:\/\/kuechenstudio-haeuptle.de\/wp-content\/uploads\/2020\/05\/Projekte.png 1087w\" sizes=\"auto, (max-width: 706px) 89vw, (max-width: 767px) 82vw, 740px\" \/><\/figure><div class=\"wp-block-media-text__content\">\n<h2 class=\"has-text-color wp-block-heading\" style=\"color:#82be4c\">Projektabwicklung<\/h2>\n\n\n\n<p>Auf Wunsch \u00fcbernehmen wir zudem die komplette Projektabwicklung in Zusammenarbeit mit anderen Handwerksbetrieben oder unterst\u00fctzen Sie bei Ihrem K\u00fcchenumzug.<\/p>\n<\/div><\/div>\n\n\n\n<div style=\"height:100px\" aria-hidden=\"true\" class=\"wp-block-spacer\"><\/div>\n\n\n\n<hr class=\"wp-block-separator\"\/>\n\n\n\n<h2 class=\"has-text-align-center wp-block-heading\">Mit unseren umfassenden Dienstleistungen unterst\u00fctzen wir Sie bei allen Fragen und Arbeiten rund um die K\u00fcche. Treten Sie noch heute mit uns in Kontakt, um mehr zu erfahren oder einen Termin zu vereinbaren.<\/h2>\n\n\n\n<div class=\"wp-block-buttons aligncenter is-layout-flex wp-block-buttons-is-layout-flex\">\n<div class=\"wp-block-button\"><a class=\"wp-block-button__link has-background\" href=\"https:\/\/kuechenstudio-haeuptle.de\/?page_id=12\" style=\"background-color:#82be4c\" target=\"_blank\" rel=\"noreferrer noopener\">Kontakt aufnehmen<\/a><\/div>\n<\/div>\n\n\n\n<p><\/p>\n","protected":false},"excerpt":{"rendered":"<p>Der Weg zu Ihrer neuen K\u00fcche ist mehr als nur der Kauf. So geh\u00f6ren umfassende Beratungsleistungen, realit\u00e4tsgetreue Planungen, eine fachgerechte Montage sowie eine umfassende Einweisung ebenfalls dazu. Wir bieten Ihnen diese und weitere Leistungen aus einer Hand. So k\u00f6nnen Sie sicher sein, dass Ihre W\u00fcnsche bestm\u00f6glich ungesetzt werden. Beratung Inhaber Karl H\u00e4uptle ber\u00e4t Sie pers\u00f6nlich, &hellip; <\/p>\n<p class=\"link-more\"><a href=\"https:\/\/kuechenstudio-haeuptle.de\/?page_id=76\" class=\"more-link\"><span class=\"screen-reader-text\">\u201eLeistungen\u201c<\/span> weiterlesen<\/a><\/p>\n","protected":false},"author":1,"featured_media":0,"parent":0,"menu_order":0,"comment_status":"closed","ping_status":"closed","template":"","meta":{"footnotes":""},"class_list":["post-76","page","type-page","status-publish","hentry"],"_links":{"self":[{"href":"https:\/\/kuechenstudio-haeuptle.de\/index.php?rest_route=\/wp\/v2\/pages\/76","targetHints":{"allow":["GET"]}}],"collection":[{"href":"https:\/\/kuechenstudio-haeuptle.de\/index.php?rest_route=\/wp\/v2\/pages"}],"about":[{"href":"https:\/\/kuechenstudio-haeuptle.de\/index.php?rest_route=\/wp\/v2\/types\/page"}],"author":[{"embeddable":true,"href":"https:\/\/kuechenstudio-haeuptle.de\/index.php?rest_route=\/wp\/v2\/users\/1"}],"replies":[{"embeddable":true,"href":"https:\/\/kuechenstudio-haeuptle.de\/index.php?rest_route=%2Fwp%2Fv2%2Fcomments&post=76"}],"version-history":[{"count":11,"href":"https:\/\/kuechenstudio-haeuptle.de\/index.php?rest_route=\/wp\/v2\/pages\/76\/revisions"}],"predecessor-version":[{"id":533,"href":"https:\/\/kuechenstudio-haeuptle.de\/index.php?rest_route=\/wp\/v2\/pages\/76\/revisions\/533"}],"wp:attachment":[{"href":"https:\/\/kuechenstudio-haeuptle.de\/index.php?rest_route=%2Fwp%2Fv2%2Fmedia&parent=76"}],"curies":[{"name":"wp","href":"https:\/\/api.w.org\/{rel}","templated":true}]}}